{"id":266,"date":"2018-05-07T08:35:47","date_gmt":"2018-05-07T08:35:47","guid":{"rendered":"http:\/\/bridge231.qodeinteractive.com\/?page_id=266"},"modified":"2023-12-17T17:27:25","modified_gmt":"2023-12-17T16:27:25","slug":"contact-us","status":"publish","type":"page","link":"https:\/\/valencia.eleusal.com\/en\/contact-us\/","title":{"rendered":"Contact Us"},"content":{"rendered":"<p>[vc_row css_animation=&#8221;&#8221; row_type=&#8221;row&#8221; use_row_as_full_screen_section=&#8221;no&#8221; type=&#8221;grid&#8221; angled_section=&#8221;no&#8221; text_align=&#8221;left&#8221; background_image_as_pattern=&#8221;without_pattern&#8221; padding_top=&#8221;102&#8243; padding_bottom=&#8221;54&#8243; z_index=&#8221;&#8221;][vc_column offset=&#8221;vc_col-md-4&#8243;][vc_column_text]<\/p>\n<h3>Stay in Touch with Us<\/h3>\n<p>[\/vc_column_text][vc_empty_space height=&#8221;30px&#8221;][qode_elements_holder number_of_columns=&#8221;one_column&#8221;][qode_elements_holder_item advanced_animations=&#8221;no&#8221; background_color=&#8221;#ffffff&#8221; item_padding=&#8221;6% 6% 6% 6%&#8221; custom_class=&#8221;qode-eh-with-shadow&#8221;][vc_gmaps link=&#8221;#E-8_JTNDaWZyYW1lJTIwc3JjJTNEJTIyaHR0cHMlM0ElMkYlMkZ3d3cuZ29vZ2xlLmNvbSUyRm1hcHMlMkZlbWJlZCUzRnBiJTNEJTIxMW0xOCUyMTFtMTIlMjExbTMlMjExZDI2NDAuMzQxODg1NjM0Mzk4JTIxMmQ3Ljc1OTA5MjY3NjQ0NzU2NCUyMTNkNDguNTY1MDAwMzcxMjkzNzg1JTIxMm0zJTIxMWYwJTIxMmYwJTIxM2YwJTIxM20yJTIxMWkxMDI0JTIxMmk3NjglMjE0ZjEzLjElMjEzbTMlMjExbTIlMjExczB4NDc5NmM5Mzk4ZGQzODRhNSUyNTNBMHg4OTlhZTRkMjgwNzk1YTYlMjEyc0VMRSUyNTIwVVNBTCUyNTIwU3RyYXNib3VyZyUyMTVlMCUyMTNtMiUyMTFzZnIlMjEyc2ZyJTIxNHYxNzAyODMwMTUzMzgxJTIxNW0yJTIxMXNmciUyMTJzZnIlMjIlMjB3aWR0aCUzRCUyMjYwMCUyMiUyMGhlaWdodCUzRCUyMjQ1MCUyMiUyMHN0eWxlJTNEJTIyYm9yZGVyJTNBMCUzQiUyMiUyMGFsbG93ZnVsbHNjcmVlbiUzRCUyMiUyMiUyMGxvYWRpbmclM0QlMjJsYXp5JTIyJTIwcmVmZXJyZXJwb2xpY3klM0QlMjJuby1yZWZlcnJlci13aGVuLWRvd25ncmFkZSUyMiUzRSUzQyUyRmlmcmFtZSUzRQ==&#8221;][\/qode_elements_holder_item][\/qode_elements_holder][vc_empty_space height=&#8221;41px&#8221;]<div class=\"q_icon_list\"><span aria-hidden=\"true\" class=\"qode_icon_font_elegant icon_pin qode-ili-icon-holder transparent\" style=\"font-size: 17px;color: #d22020;\" ><\/span><p style=\"color:#7c7c7c;font-size: 14px;\">ELE USAL Strasbourg, 9 Rue Saint-Alo\u00efse (2\u00e8me \u00e9tage). 67100 Strasbourg, France.<\/p><\/div><div class=\"q_icon_list\"><span aria-hidden=\"true\" class=\"qode_icon_font_elegant icon_phone qode-ili-icon-holder transparent\" style=\"font-size: 17px;color: #d22020;\" ><\/span><p style=\"color:#7c7c7c;font-size: 14px;\">(+33) 667 537 741<\/p><\/div><div class=\"q_icon_list\"><span aria-hidden=\"true\" class=\"qode_icon_font_elegant icon_mail qode-ili-icon-holder transparent\" style=\"font-size: 17px;color: #d22020;\" ><\/span><p style=\"color:#7c7c7c;font-size: 14px;\"><\/p><\/div>[vc_empty_space height=&#8221;30px&#8221;][\/vc_column][vc_column offset=&#8221;vc_col-md-8&#8243;][vc_column_text]<\/p>\n<h3>Send us a Message<\/h3>\n<p>[\/vc_column_text][vc_empty_space height=&#8221;22px&#8221;]\n<div class=\"wpcf7 no-js\" id=\"wpcf7-f269-o1\" lang=\"en-US\" dir=\"ltr\" data-wpcf7-id=\"269\">\n<div class=\"screen-reader-response\"><p role=\"status\" aria-live=\"polite\" aria-atomic=\"true\"><\/p> <ul><\/ul><\/div>\n<form action=\"\/en\/wp-json\/wp\/v2\/pages\/266#wpcf7-f269-o1\" method=\"post\" class=\"wpcf7-form init cf7_custom_style_2\" aria-label=\"Contact form\" novalidate=\"novalidate\" data-status=\"init\">\n<div style=\"display: none;\">\n<input type=\"hidden\" name=\"_wpcf7\" value=\"269\" \/>\n<input type=\"hidden\" name=\"_wpcf7_version\" value=\"6.0.1\" \/>\n<input type=\"hidden\" name=\"_wpcf7_locale\" value=\"en_US\" \/>\n<input type=\"hidden\" name=\"_wpcf7_unit_tag\" value=\"wpcf7-f269-o1\" \/>\n<input type=\"hidden\" name=\"_wpcf7_container_post\" value=\"0\" \/>\n<input type=\"hidden\" name=\"_wpcf7_posted_data_hash\" value=\"\" \/>\n<\/div>\n<div>\n\t<p><span class=\"wpcf7-form-control-wrap\" data-name=\"text-322\"><input size=\"40\" maxlength=\"400\" class=\"wpcf7-form-control wpcf7-text\" aria-invalid=\"false\" placeholder=\"Your name:\" value=\"\" type=\"text\" name=\"text-322\" \/><\/span>\n\t<\/p>\n<\/div>\n<div>\n\t<p><span class=\"wpcf7-form-control-wrap\" data-name=\"text-321\"><input size=\"40\" maxlength=\"400\" class=\"wpcf7-form-control wpcf7-text\" aria-invalid=\"false\" placeholder=\"Your email address:\" value=\"\" type=\"text\" name=\"text-321\" \/><\/span>\n\t<\/p>\n<\/div>\n<div>\n\t<p><span class=\"wpcf7-form-control-wrap\" data-name=\"text-320\"><input size=\"40\" maxlength=\"400\" class=\"wpcf7-form-control wpcf7-text\" aria-invalid=\"false\" placeholder=\"Phone number:\" value=\"\" type=\"text\" name=\"text-320\" \/><\/span>\n\t<\/p>\n<\/div>\n<div>\n\t<p><span class=\"wpcf7-form-control-wrap\" data-name=\"textarea-467\"><textarea cols=\"40\" rows=\"10\" maxlength=\"2000\" class=\"wpcf7-form-control wpcf7-textarea\" aria-invalid=\"false\" placeholder=\"Message:\" name=\"textarea-467\"><\/textarea><\/span>\n\t<\/p>\n<\/div>\n<div>\n\t<p><span class=\"wpcf7-form-control-wrap\" data-name=\"How-did-you-find-us\"><select class=\"wpcf7-form-control wpcf7-select wpcf7-validates-as-required\" aria-required=\"true\" aria-invalid=\"false\" name=\"How-did-you-find-us\"><option value=\"How did you find us\">How did you find us<\/option><option value=\"Google\">Google<\/option><option value=\"Friend\">Friend<\/option><option value=\"Publicity\">Publicity<\/option><option value=\"Social networks\">Social networks<\/option><\/select><\/span>\n\t<\/p>\n<\/div>\n<p><span class=\"wpcf7-form-control-wrap\" data-name=\"acceptance-387\"><span class=\"wpcf7-form-control wpcf7-acceptance\"><span class=\"wpcf7-list-item\"><label><input type=\"checkbox\" name=\"acceptance-387\" value=\"1\" aria-invalid=\"false\" \/><span class=\"wpcf7-list-item-label\">I have read and accept the <a rel=\"nofollow\" href=\"http:\/\/valencia.elemultisite.eleusal.com\/en\/privacy-policy\/\">Privacy Policy<\/a>.<\/span><\/label><\/span><\/span><\/span>\n<\/p>\n<p><input class=\"wpcf7-form-control wpcf7-submit has-spinner\" type=\"submit\" value=\"Get it Now\" \/>\n<\/p><input type=\"hidden\" id=\"ct_checkjs_cf7_dc5689792e08eb2e219dce49e64c885b\" name=\"ct_checkjs_cf7\" value=\"0\" \/><script >setTimeout(function(){var ct_input_name = \"ct_checkjs_cf7_dc5689792e08eb2e219dce49e64c885b\";if (document.getElementById(ct_input_name) !== null) {var ct_input_value = document.getElementById(ct_input_name).value;document.getElementById(ct_input_name).value = document.getElementById(ct_input_name).value.replace(ct_input_value, '4abcd756c14f4c0ba9f77d33cc69886d27eb58d5673256fa5cd433e50dedd87e');}}, 1000);<\/script><label class=\"apbct_special_field\" id=\"apbct_label_id52831\" for=\"apbct__email_id__wp_contact_form_7_52831\">52831<\/label><input\n            id=\"apbct__email_id__wp_contact_form_7_52831\"\n            class=\"apbct_special_field apbct__email_id__wp_contact_form_7\"\n            name=\"apbct__email_id__wp_contact_form_7_52831\"\n            type=\"text\" size=\"30\" maxlength=\"200\" autocomplete=\"off\"\n            value=\"52831\" apbct_event_id=\"52831\"\n            \/><input id=\"apbct_event_id_wp_contact_form_7_52831\"\n                class=\"apbct_special_field\" name=\"apbct_event_id\" type=\"hidden\" value=\"52831\" \/><div class=\"wpcf7-response-output\" aria-hidden=\"true\"><\/div>\n<\/form>\n<\/div>\n[vc_empty_space height=&#8221;30px&#8221;][\/vc_column][\/vc_row]<\/p>\n","protected":false},"excerpt":{"rendered":"<p>[vc_row css_animation=&#8221;&#8221; row_type=&#8221;row&#8221; use_row_as_full_screen_section=&#8221;no&#8221; type=&#8221;grid&#8221; angled_section=&#8221;no&#8221; text_align=&#8221;left&#8221; background_image_as_pattern=&#8221;without_pattern&#8221; padding_top=&#8221;102&#8243; padding_bottom=&#8221;54&#8243; z_index=&#8221;&#8221;][vc_column offset=&#8221;vc_col-md-4&#8243;][vc_column_text] Stay in Touch with Us [\/vc_column_text][vc_empty_space height=&#8221;30px&#8221;][qode_elements_holder number_of_columns=&#8221;one_column&#8221;][qode_elements_holder_item advanced_animations=&#8221;no&#8221; background_color=&#8221;#ffffff&#8221; item_padding=&#8221;6% 6% 6% 6%&#8221; custom_class=&#8221;qode-eh-with-shadow&#8221;][vc_gmaps link=&#8221;#E-8_JTNDaWZyYW1lJTIwc3JjJTNEJTIyaHR0cHMlM0ElMkYlMkZ3d3cuZ29vZ2xlLmNvbSUyRm1hcHMlMkZlbWJlZCUzRnBiJTNEJTIxMW0xOCUyMTFtMTIlMjExbTMlMjExZDI2NDAuMzQxODg1NjM0Mzk4JTIxMmQ3Ljc1OTA5MjY3NjQ0NzU2NCUyMTNkNDguNTY1MDAwMzcxMjkzNzg1JTIxMm0zJTIxMWYwJTIxMmYwJTIxM2YwJTIxM20yJTIxMWkxMDI0JTIxMmk3NjglMjE0ZjEzLjElMjEzbTMlMjExbTIlMjExczB4NDc5NmM5Mzk4ZGQzODRhNSUyNTNBMHg4OTlhZTRkMjgwNzk1YTYlMjEyc0VMRSUyNTIwVVNBTCUyNTIwU3RyYXNib3VyZyUyMTVlMCUyMTNtMiUyMTFzZnIlMjEyc2ZyJTIxNHYxNzAyODMwMTUzMzgxJTIxNW0yJTIxMXNmciUyMTJzZnIlMjIlMjB3aWR0aCUzRCUyMjYwMCUyMiUyMGhlaWdodCUzRCUyMjQ1MCUyMiUyMHN0eWxlJTNEJTIyYm9yZGVyJTNBMCUzQiUyMiUyMGFsbG93ZnVsbHNjcmVlbiUzRCUyMiUyMiUyMGxvYWRpbmclM0QlMjJsYXp5JTIyJTIwcmVmZXJyZXJwb2xpY3klM0QlMjJuby1yZWZlcnJlci13aGVuLWRvd25ncmFkZSUyMiUzRSUzQyUyRmlmcmFtZSUzRQ==&#8221;][\/qode_elements_holder_item][\/qode_elements_holder][vc_empty_space height=&#8221;41px&#8221;][vc_empty_space height=&#8221;30px&#8221;][\/vc_column][vc_column offset=&#8221;vc_col-md-8&#8243;][vc_column_text] Send us a Message [\/vc_column_text][vc_empty_space height=&#8221;22px&#8221;][vc_empty_space height=&#8221;30px&#8221;][\/vc_column][\/vc_row]<\/p>\n","protected":false},"author":1,"featured_media":0,"parent":0,"menu_order":0,"comment_status":"closed","ping_status":"closed","template":"full_width.php","meta":{"footnotes":""},"class_list":["post-266","page","type-page","status-publish","hentry"],"yoast_head":"<!-- This site is optimized with the Yoast SEO plugin v24.2 - https:\/\/yoast.com\/wordpress\/plugins\/seo\/ -->\n<title>Contact Us - ELE USAL Valencia<\/title>\n<meta name=\"description\" content=\"Contact ELE USAL Strasbourg. All the information about our Spanish school10, Rue des Francs-Bourgeois,+33) 667 537 741. Email: info@strasbourg-eleusal.com\" \/>\n<meta name=\"robots\" content=\"index, follow, max-snippet:-1, max-image-preview:large, max-video-preview:-1\" \/>\n<link rel=\"canonical\" href=\"https:\/\/valencia.eleusal.com\/en\/contacto\/\" \/>\n<meta property=\"og:locale\" content=\"en_US\" \/>\n<meta property=\"og:type\" content=\"article\" \/>\n<meta property=\"og:title\" content=\"Contact Us - ELE USAL Valencia\" \/>\n<meta property=\"og:description\" content=\"Contact ELE USAL Strasbourg. All the information about our Spanish school10, Rue des Francs-Bourgeois,+33) 667 537 741. Email: info@strasbourg-eleusal.com\" \/>\n<meta property=\"og:url\" content=\"https:\/\/valencia.eleusal.com\/contacto\/\" \/>\n<meta property=\"og:site_name\" content=\"ELE USAL Valencia\" \/>\n<meta property=\"article:publisher\" content=\"https:\/\/www.facebook.com\/StrasbourgELEUSAL\" \/>\n<meta property=\"article:modified_time\" content=\"2023-12-17T16:27:25+00:00\" \/>\n<meta name=\"twitter:card\" content=\"summary_large_image\" \/>\n<meta name=\"twitter:site\" content=\"@StrasbourgEle\" \/>\n<meta name=\"twitter:label1\" content=\"Est. reading time\" \/>\n\t<meta name=\"twitter:data1\" content=\"1 minute\" \/>\n<script type=\"application\/ld+json\" class=\"yoast-schema-graph\">{\"@context\":\"https:\/\/schema.org\",\"@graph\":[{\"@type\":\"WebPage\",\"@id\":\"https:\/\/valencia.eleusal.com\/contacto\/\",\"url\":\"https:\/\/valencia.eleusal.com\/contacto\/\",\"name\":\"Contact Us - ELE USAL Valencia\",\"isPartOf\":{\"@id\":\"https:\/\/valencia.eleusal.com\/#website\"},\"datePublished\":\"2018-05-07T08:35:47+00:00\",\"dateModified\":\"2023-12-17T16:27:25+00:00\",\"description\":\"Contact ELE USAL Strasbourg. All the information about our Spanish school10, Rue des Francs-Bourgeois,+33) 667 537 741. Email: info@strasbourg-eleusal.com\",\"breadcrumb\":{\"@id\":\"https:\/\/valencia.eleusal.com\/contacto\/#breadcrumb\"},\"inLanguage\":\"en-US\",\"potentialAction\":[{\"@type\":\"ReadAction\",\"target\":[\"https:\/\/valencia.eleusal.com\/contacto\/\"]}]},{\"@type\":\"BreadcrumbList\",\"@id\":\"https:\/\/valencia.eleusal.com\/contacto\/#breadcrumb\",\"itemListElement\":[{\"@type\":\"ListItem\",\"position\":1,\"name\":\"Home\",\"item\":\"https:\/\/valencia.eleusal.com\/en\/\"},{\"@type\":\"ListItem\",\"position\":2,\"name\":\"Contact Us\"}]},{\"@type\":\"WebSite\",\"@id\":\"https:\/\/valencia.eleusal.com\/#website\",\"url\":\"https:\/\/valencia.eleusal.com\/\",\"name\":\"ELE USAL Valencia\",\"description\":\"Institut de Langue Espagnole, apprentissage espagnol, Strasbourg\",\"publisher\":{\"@id\":\"https:\/\/valencia.eleusal.com\/#organization\"},\"potentialAction\":[{\"@type\":\"SearchAction\",\"target\":{\"@type\":\"EntryPoint\",\"urlTemplate\":\"https:\/\/valencia.eleusal.com\/?s={search_term_string}\"},\"query-input\":{\"@type\":\"PropertyValueSpecification\",\"valueRequired\":true,\"valueName\":\"search_term_string\"}}],\"inLanguage\":\"en-US\"},{\"@type\":\"Organization\",\"@id\":\"https:\/\/valencia.eleusal.com\/#organization\",\"name\":\"ELE USAL Strasbourg\",\"url\":\"https:\/\/valencia.eleusal.com\/\",\"logo\":{\"@type\":\"ImageObject\",\"inLanguage\":\"en-US\",\"@id\":\"https:\/\/valencia.eleusal.com\/#\/schema\/logo\/image\/\",\"url\":\"https:\/\/valencia.eleusal.com\/wp-content\/uploads\/sites\/35\/2020\/09\/ELE-USAL-Bilbao.png\",\"contentUrl\":\"https:\/\/valencia.eleusal.com\/wp-content\/uploads\/sites\/35\/2020\/09\/ELE-USAL-Bilbao.png\",\"width\":695,\"height\":45,\"caption\":\"ELE USAL Strasbourg\"},\"image\":{\"@id\":\"https:\/\/valencia.eleusal.com\/#\/schema\/logo\/image\/\"},\"sameAs\":[\"https:\/\/www.facebook.com\/StrasbourgELEUSAL\",\"https:\/\/x.com\/StrasbourgEle\",\"https:\/\/www.instagram.com\/eleusal_strasbourg\/\",\"https:\/\/www.linkedin.com\/company\/strasbourg-ele-usal\/\"]}]}<\/script>\n<!-- \/ Yoast SEO plugin. -->","yoast_head_json":{"title":"Contact Us - ELE USAL Valencia","description":"Contact ELE USAL Strasbourg. All the information about our Spanish school10, Rue des Francs-Bourgeois,+33) 667 537 741. Email: info@strasbourg-eleusal.com","robots":{"index":"index","follow":"follow","max-snippet":"max-snippet:-1","max-image-preview":"max-image-preview:large","max-video-preview":"max-video-preview:-1"},"canonical":"https:\/\/valencia.eleusal.com\/en\/contacto\/","og_locale":"en_US","og_type":"article","og_title":"Contact Us - ELE USAL Valencia","og_description":"Contact ELE USAL Strasbourg. All the information about our Spanish school10, Rue des Francs-Bourgeois,+33) 667 537 741. Email: info@strasbourg-eleusal.com","og_url":"https:\/\/valencia.eleusal.com\/contacto\/","og_site_name":"ELE USAL Valencia","article_publisher":"https:\/\/www.facebook.com\/StrasbourgELEUSAL","article_modified_time":"2023-12-17T16:27:25+00:00","twitter_card":"summary_large_image","twitter_site":"@StrasbourgEle","twitter_misc":{"Est. reading time":"1 minute"},"schema":{"@context":"https:\/\/schema.org","@graph":[{"@type":"WebPage","@id":"https:\/\/valencia.eleusal.com\/contacto\/","url":"https:\/\/valencia.eleusal.com\/contacto\/","name":"Contact Us - ELE USAL Valencia","isPartOf":{"@id":"https:\/\/valencia.eleusal.com\/#website"},"datePublished":"2018-05-07T08:35:47+00:00","dateModified":"2023-12-17T16:27:25+00:00","description":"Contact ELE USAL Strasbourg. All the information about our Spanish school10, Rue des Francs-Bourgeois,+33) 667 537 741. Email: info@strasbourg-eleusal.com","breadcrumb":{"@id":"https:\/\/valencia.eleusal.com\/contacto\/#breadcrumb"},"inLanguage":"en-US","potentialAction":[{"@type":"ReadAction","target":["https:\/\/valencia.eleusal.com\/contacto\/"]}]},{"@type":"BreadcrumbList","@id":"https:\/\/valencia.eleusal.com\/contacto\/#breadcrumb","itemListElement":[{"@type":"ListItem","position":1,"name":"Home","item":"https:\/\/valencia.eleusal.com\/en\/"},{"@type":"ListItem","position":2,"name":"Contact Us"}]},{"@type":"WebSite","@id":"https:\/\/valencia.eleusal.com\/#website","url":"https:\/\/valencia.eleusal.com\/","name":"ELE USAL Valencia","description":"Institut de Langue Espagnole, apprentissage espagnol, Strasbourg","publisher":{"@id":"https:\/\/valencia.eleusal.com\/#organization"},"potentialAction":[{"@type":"SearchAction","target":{"@type":"EntryPoint","urlTemplate":"https:\/\/valencia.eleusal.com\/?s={search_term_string}"},"query-input":{"@type":"PropertyValueSpecification","valueRequired":true,"valueName":"search_term_string"}}],"inLanguage":"en-US"},{"@type":"Organization","@id":"https:\/\/valencia.eleusal.com\/#organization","name":"ELE USAL Strasbourg","url":"https:\/\/valencia.eleusal.com\/","logo":{"@type":"ImageObject","inLanguage":"en-US","@id":"https:\/\/valencia.eleusal.com\/#\/schema\/logo\/image\/","url":"https:\/\/valencia.eleusal.com\/wp-content\/uploads\/sites\/35\/2020\/09\/ELE-USAL-Bilbao.png","contentUrl":"https:\/\/valencia.eleusal.com\/wp-content\/uploads\/sites\/35\/2020\/09\/ELE-USAL-Bilbao.png","width":695,"height":45,"caption":"ELE USAL Strasbourg"},"image":{"@id":"https:\/\/valencia.eleusal.com\/#\/schema\/logo\/image\/"},"sameAs":["https:\/\/www.facebook.com\/StrasbourgELEUSAL","https:\/\/x.com\/StrasbourgEle","https:\/\/www.instagram.com\/eleusal_strasbourg\/","https:\/\/www.linkedin.com\/company\/strasbourg-ele-usal\/"]}]}},"_links":{"self":[{"href":"https:\/\/valencia.eleusal.com\/en\/wp-json\/wp\/v2\/pages\/266","targetHints":{"allow":["GET"]}}],"collection":[{"href":"https:\/\/valencia.eleusal.com\/en\/wp-json\/wp\/v2\/pages"}],"about":[{"href":"https:\/\/valencia.eleusal.com\/en\/wp-json\/wp\/v2\/types\/page"}],"author":[{"embeddable":true,"href":"https:\/\/valencia.eleusal.com\/en\/wp-json\/wp\/v2\/users\/1"}],"replies":[{"embeddable":true,"href":"https:\/\/valencia.eleusal.com\/en\/wp-json\/wp\/v2\/comments?post=266"}],"version-history":[{"count":14,"href":"https:\/\/valencia.eleusal.com\/en\/wp-json\/wp\/v2\/pages\/266\/revisions"}],"predecessor-version":[{"id":8763,"href":"https:\/\/valencia.eleusal.com\/en\/wp-json\/wp\/v2\/pages\/266\/revisions\/8763"}],"wp:attachment":[{"href":"https:\/\/valencia.eleusal.com\/en\/wp-json\/wp\/v2\/media?parent=266"}],"curies":[{"name":"wp","href":"https:\/\/api.w.org\/{rel}","templated":true}]}}