{"id":539,"date":"2019-06-03T19:31:38","date_gmt":"2019-06-03T17:31:38","guid":{"rendered":"http:\/\/mallorca.eleusal.com\/?page_id=539"},"modified":"2023-02-07T18:07:40","modified_gmt":"2023-02-07T17:07:40","slug":"blog-all-about-our-school","status":"publish","type":"page","link":"https:\/\/valencia.eleusal.com\/en\/blog-all-about-our-school\/","title":{"rendered":"Blog &#8211; All about our school"},"content":{"rendered":"<p>[vc_row css_animation=&#8221;&#8221; row_type=&#8221;row&#8221; use_row_as_full_screen_section=&#8221;no&#8221; type=&#8221;full_width&#8221; angled_section=&#8221;no&#8221; text_align=&#8221;left&#8221; background_image_as_pattern=&#8221;without_pattern&#8221;][vc_column]<div class='q_masonry_blog'><div class=\"q_masonry_blog_grid_sizer\"><\/div><div class=\"q_masonry_blog_grid_gutter\"><\/div><article  class='post-4580 post type-post status-publish format-standard has-post-thumbnail hentry category-sin-categoria '><div class=\"q_masonry_blog_post_image\"><a itemprop=\"url\" href=\"https:\/\/valencia.eleusal.com\/en\/lorca-murio-primero-en-albacete\/\" target=\"_self\"><img decoding=\"async\" itemprop=\"image\" src=\"https:\/\/valencia.eleusal.com\/wp-content\/uploads\/sites\/35\/2022\/12\/ele-usal-estr.jpg\" \/><\/a><\/div><div class=\"q_masonry_blog_post_text\"><h5 itemprop=\"name\" class=\"q_masonry_blog_title entry_title\"><a itemprop=\"url\" href=\"https:\/\/valencia.eleusal.com\/en\/lorca-murio-primero-en-albacete\/\">Lorca muri\u00f3 primero en Albacete<\/a><\/h5><p itemprop=\"description\" class=\"q_masonry_blog_excerpt\">Un poco de historia &nbsp; Os contamos la historia de como &#8220;Lorca \u00abmurio\u00bb primero en Albacete&#8221; . El 5 de junio de 1898 nac\u00eda en Fuente Vaqueros, en la parte occidental de la Vega de Granada, Federico Garc\u00eda Lorca, considerado uno de los poetas espa\u00f1oles......<\/p><div class=\"q_masonry_blog_post_info\"><\/div><\/div><\/article><article  class='post-5633 post type-post status-publish format-standard has-post-thumbnail hentry category-sin-categoria tag-blog-en '><div class=\"q_masonry_blog_post_image\"><a itemprop=\"url\" href=\"https:\/\/valencia.eleusal.com\/en\/talleres-de-espanol-para-ninos\/\" target=\"_self\"><img decoding=\"async\" itemprop=\"image\" src=\"https:\/\/valencia.eleusal.com\/wp-content\/uploads\/sites\/35\/2022\/12\/talleres-de-espa\u00f1ol-para-ni\u00f1os-y-ni\u00f1as.jpg\" \/><\/a><\/div><div class=\"q_masonry_blog_post_text\"><h5 itemprop=\"name\" class=\"q_masonry_blog_title entry_title\"><a itemprop=\"url\" href=\"https:\/\/valencia.eleusal.com\/en\/talleres-de-espanol-para-ninos\/\">Talleres de espa\u00f1ol para ni\u00f1os<\/a><\/h5><p itemprop=\"description\" class=\"q_masonry_blog_excerpt\">Los talleres de espa\u00f1ol para ni\u00f1os empezar\u00e1n en septiembre. &nbsp; Para el nuevo curso tenemos diferentes opciones que podr\u00edan interesaros: &nbsp; Grupos de mana\u00f1a. &nbsp; Los s\u00e1bados de 10h30 a 11h30 tendremos los talleres para ni\u00f1os de 4 a 7 a\u00f1os. En esta nueva etapa,......<\/p><div class=\"q_masonry_blog_post_info\"><\/div><\/div><\/article><article  class='post-5658 post type-post status-publish format-standard has-post-thumbnail hentry category-sin-categoria '><div class=\"q_masonry_blog_post_image\"><a itemprop=\"url\" href=\"https:\/\/valencia.eleusal.com\/en\/volver-un-libro-de-sergio-rojas-fajardo\/\" target=\"_self\"><img decoding=\"async\" itemprop=\"image\" src=\"https:\/\/valencia.eleusal.com\/wp-content\/uploads\/sites\/35\/2022\/12\/volver-sergio-rojas.jpg\" \/><\/a><\/div><div class=\"q_masonry_blog_post_text\"><h5 itemprop=\"name\" class=\"q_masonry_blog_title entry_title\"><a itemprop=\"url\" href=\"https:\/\/valencia.eleusal.com\/en\/volver-un-libro-de-sergio-rojas-fajardo\/\">Volver un libro de Sergio Rojas Fajardo<\/a><\/h5><p itemprop=\"description\" class=\"q_masonry_blog_excerpt\">Una novela palpitante que nos envuelve en el torbellino de una vida. &nbsp; El pr\u00f3ximo lunes 7 de marzo a las 18 h, en el cine Odys\u00e9e (3 Rue des Francs-Bourgeois, 67000 Strasbourg), el Instituto de lengua espa\u00f1ola ELE USAL Strasbourg invita a Sergio Rojas......<\/p><div class=\"q_masonry_blog_post_info\"><\/div><\/div><\/article><article  class='post-5666 post type-post status-publish format-standard has-post-thumbnail hentry category-sin-categoria tag-blog-en '><div class=\"q_masonry_blog_post_image\"><a itemprop=\"url\" href=\"https:\/\/valencia.eleusal.com\/en\/ele-usal-strasbourg-colaborara-con-la-ecole-de-management\/\" target=\"_self\"><img decoding=\"async\" itemprop=\"image\" src=\"https:\/\/valencia.eleusal.com\/wp-content\/uploads\/sites\/35\/2022\/12\/ACUERDOEMSIELE.webp\" \/><\/a><\/div><div class=\"q_masonry_blog_post_text\"><h5 itemprop=\"name\" class=\"q_masonry_blog_title entry_title\"><a itemprop=\"url\" href=\"https:\/\/valencia.eleusal.com\/en\/ele-usal-strasbourg-colaborara-con-la-ecole-de-management\/\">ELE USAL Strasbourg colaborar\u00e1 con la \u00c9cole de Management.<\/a><\/h5><p itemprop=\"description\" class=\"q_masonry_blog_excerpt\">ELE USAL Strasbourg colaborar\u00e1 con la \u00c9cole de Management. ELE USAL Strasbourg colaborar\u00e1 con la \u00c9cole de Management. Hace unos meses, el\u00a0Institut de Langue Espagnole ELE Strasbourg\u00a0y la\u00a0\u00c9cole de Managementfirmaron un acuerdo de colaboraci\u00f3n en materia de certificaci\u00f3n ling\u00fc\u00edstica. Por medio de dicha colaboraci\u00f3n, el\u00a0Institut......<\/p><div class=\"q_masonry_blog_post_info\"><\/div><\/div><\/article><article  class='post-5680 post type-post status-publish format-standard has-post-thumbnail hentry category-sin-categoria tag-blog-en '><div class=\"q_masonry_blog_post_image\"><a itemprop=\"url\" href=\"https:\/\/valencia.eleusal.com\/en\/salome-visita-ele-usal-strasbourg\/\" target=\"_self\"><img decoding=\"async\" itemprop=\"image\" src=\"https:\/\/valencia.eleusal.com\/wp-content\/uploads\/sites\/35\/2022\/12\/Salom\u00e9-nieta-de-Unamuno-visita-ELE-USAL-Strasbourg.png\" \/><\/a><\/div><div class=\"q_masonry_blog_post_text\"><h5 itemprop=\"name\" class=\"q_masonry_blog_title entry_title\"><a itemprop=\"url\" href=\"https:\/\/valencia.eleusal.com\/en\/salome-visita-ele-usal-strasbourg\/\">Salom\u00e9, nieta de Unamuno, visita ELE USAL Strasbourg<\/a><\/h5><p itemprop=\"description\" class=\"q_masonry_blog_excerpt\">Ayer tuvimos el inmenso placer de recibir en nuestra escuela a Salom\u00e9 de Unamuno Adarraga, nieta del gran escritor, poeta y fil\u00f3sofo espa\u00f1ol, principal exponente de la\u00a0Generaci\u00f3n del 98,\u00a0Miguel de Unamuno. Salom\u00e9, nacida en Palencia en 1933 y de ascendencia vasca, es licenciada en Ciencias......<\/p><div class=\"q_masonry_blog_post_info\"><\/div><\/div><\/article><article  class='post-5689 post type-post status-publish format-standard has-post-thumbnail hentry category-sin-categoria tag-blog-en '><div class=\"q_masonry_blog_post_image\"><a itemprop=\"url\" href=\"https:\/\/valencia.eleusal.com\/en\/nueva-sesion-de-nuestra-formacion-de-profesores-de-ele\/\" target=\"_self\"><img decoding=\"async\" itemprop=\"image\" src=\"https:\/\/valencia.eleusal.com\/wp-content\/uploads\/sites\/35\/2022\/12\/Dise\u00f1o-sin-t\u00edtulo-5.jpg\" \/><\/a><\/div><div class=\"q_masonry_blog_post_text\"><h5 itemprop=\"name\" class=\"q_masonry_blog_title entry_title\"><a itemprop=\"url\" href=\"https:\/\/valencia.eleusal.com\/en\/nueva-sesion-de-nuestra-formacion-de-profesores-de-ele\/\">Nueva sesi\u00f3n de nuestra formaci\u00f3n de profesores de ELE<\/a><\/h5><p itemprop=\"description\" class=\"q_masonry_blog_excerpt\">Tras un a\u00f1o convulso, plagado de malos momentos y de mon\u00f3tonas noticias, tenemos el orgullo de informaros de que lanzamos la segunda edici\u00f3n de nuestra\u00a0\u00abFormaci\u00f3n de profesores de ELE\u00bb. Dec\u00eda Cervantes que tenemos que\u00a0\u00abconfiar en el tiempo, que suele dar dulces salidas a muchas amargas......<\/p><div class=\"q_masonry_blog_post_info\"><\/div><\/div><\/article><article  class='post-5712 post type-post status-publish format-standard has-post-thumbnail hentry category-sin-categoria '><div class=\"q_masonry_blog_post_image\"><a itemprop=\"url\" href=\"https:\/\/valencia.eleusal.com\/en\/vivir-es-acojonante-vivre-cest-genial\/\" target=\"_self\"><img decoding=\"async\" itemprop=\"image\" src=\"https:\/\/valencia.eleusal.com\/wp-content\/uploads\/sites\/35\/2023\/01\/vivir-es-acojonante-vivre-cest-genial-2203.jpg\" \/><\/a><\/div><div class=\"q_masonry_blog_post_text\"><h5 itemprop=\"name\" class=\"q_masonry_blog_title entry_title\"><a itemprop=\"url\" href=\"https:\/\/valencia.eleusal.com\/en\/vivir-es-acojonante-vivre-cest-genial\/\">Vivir es acojonante \u2013 Vivre c\u2019est g\u00e9nial<\/a><\/h5><p itemprop=\"description\" class=\"q_masonry_blog_excerpt\">Aujourd\u2019hui, nous voulons partager avec vous tous un texte d\u2019un de nos \u00e9l\u00e8ves, Ciryl, que nous avons ador\u00e9 !\u00a0Pour vous mettre dans le contexte, l\u2019autre jour nous avons vu en classe l\u2019annonce de No\u00ebl faite en 2021 par la soci\u00e9t\u00e9 espagnole Campofrio et, bien que......<\/p><div class=\"q_masonry_blog_post_info\"><\/div><\/div><\/article><article  class='post-5722 post type-post status-publish format-standard has-post-thumbnail hentry category-sin-categoria tag-blog-en '><div class=\"q_masonry_blog_post_image\"><a itemprop=\"url\" href=\"https:\/\/valencia.eleusal.com\/en\/formacion-de-profesores-de-ele\/\" target=\"_self\"><img decoding=\"async\" itemprop=\"image\" src=\"https:\/\/valencia.eleusal.com\/wp-content\/uploads\/sites\/35\/2022\/12\/Los-cursos-de-formaci\u00f3n-de-profesores-de-ELE-USAL-Strasbourg.jpg\" \/><\/a><\/div><div class=\"q_masonry_blog_post_text\"><h5 itemprop=\"name\" class=\"q_masonry_blog_title entry_title\"><a itemprop=\"url\" href=\"https:\/\/valencia.eleusal.com\/en\/formacion-de-profesores-de-ele\/\">Los cursos de formaci\u00f3n de profesores de ELE<\/a><\/h5><p itemprop=\"description\" class=\"q_masonry_blog_excerpt\">Hay quien, desde un principio, sab\u00eda que su camino era la ense\u00f1anza, otros se dieron cuenta que era una opci\u00f3n de trabajo que parec\u00eda interesante cuando nos encontramos en un pa\u00eds extranjero e intentamos adaptarnos y encontrar una estabilidad. Existen much\u00edsimos cursos de formaci\u00f3n de......<\/p><div class=\"q_masonry_blog_post_info\"><\/div><\/div><\/article><article  class='post-5730 post type-post status-publish format-standard has-post-thumbnail hentry category-sin-categoria '><div class=\"q_masonry_blog_post_image\"><a itemprop=\"url\" href=\"https:\/\/valencia.eleusal.com\/en\/800-anos-de-la-universidad-de-salamanca\/\" target=\"_self\"><img decoding=\"async\" itemprop=\"image\" src=\"https:\/\/valencia.eleusal.com\/wp-content\/uploads\/sites\/35\/2022\/12\/800-A\u00d1OS-DE-LA-UNIVERSIDAD-DE-SALAMANCA-.jpg\" \/><\/a><\/div><div class=\"q_masonry_blog_post_text\"><h5 itemprop=\"name\" class=\"q_masonry_blog_title entry_title\"><a itemprop=\"url\" href=\"https:\/\/valencia.eleusal.com\/en\/800-anos-de-la-universidad-de-salamanca\/\">800 a\u00f1os de la Universidad de Salamanca<\/a><\/h5><p itemprop=\"description\" class=\"q_masonry_blog_excerpt\">La Universidad de Salamanca fue una de las primeras Universidades del Mundo celebramos los 800 a\u00f1os de la Universidad de Salamanca. La primera, Bolonia, se hab\u00eda fundado en 1088. Salamanca vino casi siglo y medio despu\u00e9s (1218) y\u00a0se la considera a menudo como la primera......<\/p><div class=\"q_masonry_blog_post_info\"><\/div><\/div><\/article><article  class='post-5742 post type-post status-publish format-standard has-post-thumbnail hentry category-sin-categoria '><div class=\"q_masonry_blog_post_image\"><a itemprop=\"url\" href=\"https:\/\/valencia.eleusal.com\/en\/formacion-la-dimension-intercultural-en-el-aula-de-ele\/\" target=\"_self\"><img decoding=\"async\" itemprop=\"image\" src=\"https:\/\/valencia.eleusal.com\/wp-content\/uploads\/sites\/35\/2022\/12\/Dise\u00f1o-sin-t\u00edtulo-10.jpg\" \/><\/a><\/div><div class=\"q_masonry_blog_post_text\"><h5 itemprop=\"name\" class=\"q_masonry_blog_title entry_title\"><a itemprop=\"url\" href=\"https:\/\/valencia.eleusal.com\/en\/formacion-la-dimension-intercultural-en-el-aula-de-ele\/\">Formaci\u00f3n: la dimensi\u00f3n intercultural en el aula de ELE<\/a><\/h5><p itemprop=\"description\" class=\"q_masonry_blog_excerpt\">Introducir el componente cultural en el aula de ELE es todo un reto.\u00a0Sabemos que en la ense\u00f1anza de una lengua extranjera es necesario que el alumno adquiera herramientas para poder desarrollar una competencia comunicativa que le permita desenvolverse en un pa\u00eds extranjero.\u00a0En los manuales que......<\/p><div class=\"q_masonry_blog_post_info\"><\/div><\/div><\/article><article  class='post-5749 post type-post status-publish format-standard has-post-thumbnail hentry category-sin-categoria '><div class=\"q_masonry_blog_post_image\"><a itemprop=\"url\" href=\"https:\/\/valencia.eleusal.com\/en\/juana-escabias-les-prisonnieres-du-franquismo\/\" target=\"_self\"><img decoding=\"async\" itemprop=\"image\" src=\"https:\/\/valencia.eleusal.com\/wp-content\/uploads\/sites\/35\/2023\/01\/ele-usal-conference-en-langue-spagnole.jpg\" \/><\/a><\/div><div class=\"q_masonry_blog_post_text\"><h5 itemprop=\"name\" class=\"q_masonry_blog_title entry_title\"><a itemprop=\"url\" href=\"https:\/\/valencia.eleusal.com\/en\/juana-escabias-les-prisonnieres-du-franquismo\/\">Conf\u00e9rence : Juana Escabias, les prisonni\u00e8res du franquismo<\/a><\/h5><p itemprop=\"description\" class=\"q_masonry_blog_excerpt\">L\u2019Institut de langue espagnole ELE USAL Strasbourg en collaboration avec l\u2019UR4376 Culture et Histoire ( Universit\u00e9 de Strasbourg ) a le grand plaisir de pr\u00e9senter la conf\u00e9rence \u00ab\u00a0Las presas del franquismo\u00a0\u00bb ( Les prisonni\u00e8res du franquisme\u00a0\u00bb ) avec\u00a0Juana Escabias. La conf\u00e9rence aura lieu\u00a0jeudi\u00a0prochain, le\u00a020 octobre,......<\/p><div class=\"q_masonry_blog_post_info\"><\/div><\/div><\/article><article  class='post-5759 post type-post status-publish format-standard has-post-thumbnail hentry category-sin-categoria '><div class=\"q_masonry_blog_post_image\"><a itemprop=\"url\" href=\"https:\/\/valencia.eleusal.com\/en\/cycle-de-conferences-lapport-dal-andalus-en-occident\/\" target=\"_self\"><img decoding=\"async\" itemprop=\"image\" src=\"https:\/\/valencia.eleusal.com\/wp-content\/uploads\/sites\/35\/2023\/01\/Cycle-de-conf\u00e9rences_-L\u2019apport-d\u2019Al-Andalus-en-occident-.jpg\" \/><\/a><\/div><div class=\"q_masonry_blog_post_text\"><h5 itemprop=\"name\" class=\"q_masonry_blog_title entry_title\"><a itemprop=\"url\" href=\"https:\/\/valencia.eleusal.com\/en\/cycle-de-conferences-lapport-dal-andalus-en-occident\/\">Cycle de conf\u00e9rences: L\u2019apport d\u2019Al-Andalus en occident<\/a><\/h5><p itemprop=\"description\" class=\"q_masonry_blog_excerpt\">Edgard Weber: L\u2019apport d\u2019Al-Andalus en occident Le vendredi 18 mars, nous avons eu l\u2019honneur d\u2019avoir \u00e0 nouveau parmi nous \u00e0 M. Weber pour parler, cette fois-ci, sur la culture et l\u2019art de l\u2019Al Andalus Nous avons pu avoir un aper\u00e7u sur cette culture \u00e0 travers......<\/p><div class=\"q_masonry_blog_post_info\"><\/div><\/div><\/article><\/div>[\/vc_column][\/vc_row]<\/p>\n","protected":false},"excerpt":{"rendered":"<p>[vc_row css_animation=&#8221;&#8221; row_type=&#8221;row&#8221; use_row_as_full_screen_section=&#8221;no&#8221; type=&#8221;full_width&#8221; angled_section=&#8221;no&#8221; text_align=&#8221;left&#8221; background_image_as_pattern=&#8221;without_pattern&#8221;][vc_column][\/vc_column][\/vc_row]<\/p>\n","protected":false},"author":1,"featured_media":0,"parent":0,"menu_order":0,"comment_status":"closed","ping_status":"closed","template":"","meta":{"footnotes":""},"class_list":["post-539","page","type-page","status-publish","hentry"],"yoast_head":"<!-- This site is optimized with the Yoast SEO plugin v24.2 - https:\/\/yoast.com\/wordpress\/plugins\/seo\/ -->\n<title>Blog - All about our school - ELE USAL Valencia<\/title>\n<meta name=\"description\" content=\"Enter the blog and stay informed about the latest news about language courses at ELE USAL STRASBOURG and more curiosities. Come in and read us!\" \/>\n<meta name=\"robots\" content=\"index, follow, max-snippet:-1, max-image-preview:large, max-video-preview:-1\" \/>\n<link rel=\"canonical\" href=\"https:\/\/valencia.eleusal.com\/en\/blog-todo-sobre-nuestra-escuela\/\" \/>\n<meta property=\"og:locale\" content=\"en_US\" \/>\n<meta property=\"og:type\" content=\"article\" \/>\n<meta property=\"og:title\" content=\"Blog - All about our school - ELE USAL Valencia\" \/>\n<meta property=\"og:description\" content=\"Enter the blog and stay informed about the latest news about language courses at ELE USAL STRASBOURG and more curiosities. Come in and read us!\" \/>\n<meta property=\"og:url\" content=\"https:\/\/valencia.eleusal.com\/blog-todo-sobre-nuestra-escuela\/\" \/>\n<meta property=\"og:site_name\" content=\"ELE USAL Valencia\" \/>\n<meta property=\"article:publisher\" content=\"https:\/\/www.facebook.com\/StrasbourgELEUSAL\" \/>\n<meta property=\"article:modified_time\" content=\"2023-02-07T17:07:40+00:00\" \/>\n<meta name=\"twitter:card\" content=\"summary_large_image\" \/>\n<meta name=\"twitter:site\" content=\"@StrasbourgEle\" \/>\n<script type=\"application\/ld+json\" class=\"yoast-schema-graph\">{\"@context\":\"https:\/\/schema.org\",\"@graph\":[{\"@type\":\"WebPage\",\"@id\":\"https:\/\/valencia.eleusal.com\/blog-todo-sobre-nuestra-escuela\/\",\"url\":\"https:\/\/valencia.eleusal.com\/blog-todo-sobre-nuestra-escuela\/\",\"name\":\"Blog - All about our school - ELE USAL Valencia\",\"isPartOf\":{\"@id\":\"https:\/\/valencia.eleusal.com\/#website\"},\"datePublished\":\"2019-06-03T17:31:38+00:00\",\"dateModified\":\"2023-02-07T17:07:40+00:00\",\"description\":\"Enter the blog and stay informed about the latest news about language courses at ELE USAL STRASBOURG and more curiosities. Come in and read us!\",\"breadcrumb\":{\"@id\":\"https:\/\/valencia.eleusal.com\/blog-todo-sobre-nuestra-escuela\/#breadcrumb\"},\"inLanguage\":\"en-US\",\"potentialAction\":[{\"@type\":\"ReadAction\",\"target\":[\"https:\/\/valencia.eleusal.com\/blog-todo-sobre-nuestra-escuela\/\"]}]},{\"@type\":\"BreadcrumbList\",\"@id\":\"https:\/\/valencia.eleusal.com\/blog-todo-sobre-nuestra-escuela\/#breadcrumb\",\"itemListElement\":[{\"@type\":\"ListItem\",\"position\":1,\"name\":\"Home\",\"item\":\"https:\/\/valencia.eleusal.com\/en\/\"},{\"@type\":\"ListItem\",\"position\":2,\"name\":\"Blog &#8211; All about our school\"}]},{\"@type\":\"WebSite\",\"@id\":\"https:\/\/valencia.eleusal.com\/#website\",\"url\":\"https:\/\/valencia.eleusal.com\/\",\"name\":\"ELE USAL Valencia\",\"description\":\"Institut de Langue Espagnole, apprentissage espagnol, Strasbourg\",\"publisher\":{\"@id\":\"https:\/\/valencia.eleusal.com\/#organization\"},\"potentialAction\":[{\"@type\":\"SearchAction\",\"target\":{\"@type\":\"EntryPoint\",\"urlTemplate\":\"https:\/\/valencia.eleusal.com\/?s={search_term_string}\"},\"query-input\":{\"@type\":\"PropertyValueSpecification\",\"valueRequired\":true,\"valueName\":\"search_term_string\"}}],\"inLanguage\":\"en-US\"},{\"@type\":\"Organization\",\"@id\":\"https:\/\/valencia.eleusal.com\/#organization\",\"name\":\"ELE USAL Strasbourg\",\"url\":\"https:\/\/valencia.eleusal.com\/\",\"logo\":{\"@type\":\"ImageObject\",\"inLanguage\":\"en-US\",\"@id\":\"https:\/\/valencia.eleusal.com\/#\/schema\/logo\/image\/\",\"url\":\"https:\/\/valencia.eleusal.com\/wp-content\/uploads\/sites\/35\/2020\/09\/ELE-USAL-Bilbao.png\",\"contentUrl\":\"https:\/\/valencia.eleusal.com\/wp-content\/uploads\/sites\/35\/2020\/09\/ELE-USAL-Bilbao.png\",\"width\":695,\"height\":45,\"caption\":\"ELE USAL Strasbourg\"},\"image\":{\"@id\":\"https:\/\/valencia.eleusal.com\/#\/schema\/logo\/image\/\"},\"sameAs\":[\"https:\/\/www.facebook.com\/StrasbourgELEUSAL\",\"https:\/\/x.com\/StrasbourgEle\",\"https:\/\/www.instagram.com\/eleusal_strasbourg\/\",\"https:\/\/www.linkedin.com\/company\/strasbourg-ele-usal\/\"]}]}<\/script>\n<!-- \/ Yoast SEO plugin. -->","yoast_head_json":{"title":"Blog - All about our school - ELE USAL Valencia","description":"Enter the blog and stay informed about the latest news about language courses at ELE USAL STRASBOURG and more curiosities. Come in and read us!","robots":{"index":"index","follow":"follow","max-snippet":"max-snippet:-1","max-image-preview":"max-image-preview:large","max-video-preview":"max-video-preview:-1"},"canonical":"https:\/\/valencia.eleusal.com\/en\/blog-todo-sobre-nuestra-escuela\/","og_locale":"en_US","og_type":"article","og_title":"Blog - All about our school - ELE USAL Valencia","og_description":"Enter the blog and stay informed about the latest news about language courses at ELE USAL STRASBOURG and more curiosities. Come in and read us!","og_url":"https:\/\/valencia.eleusal.com\/blog-todo-sobre-nuestra-escuela\/","og_site_name":"ELE USAL Valencia","article_publisher":"https:\/\/www.facebook.com\/StrasbourgELEUSAL","article_modified_time":"2023-02-07T17:07:40+00:00","twitter_card":"summary_large_image","twitter_site":"@StrasbourgEle","schema":{"@context":"https:\/\/schema.org","@graph":[{"@type":"WebPage","@id":"https:\/\/valencia.eleusal.com\/blog-todo-sobre-nuestra-escuela\/","url":"https:\/\/valencia.eleusal.com\/blog-todo-sobre-nuestra-escuela\/","name":"Blog - All about our school - ELE USAL Valencia","isPartOf":{"@id":"https:\/\/valencia.eleusal.com\/#website"},"datePublished":"2019-06-03T17:31:38+00:00","dateModified":"2023-02-07T17:07:40+00:00","description":"Enter the blog and stay informed about the latest news about language courses at ELE USAL STRASBOURG and more curiosities. Come in and read us!","breadcrumb":{"@id":"https:\/\/valencia.eleusal.com\/blog-todo-sobre-nuestra-escuela\/#breadcrumb"},"inLanguage":"en-US","potentialAction":[{"@type":"ReadAction","target":["https:\/\/valencia.eleusal.com\/blog-todo-sobre-nuestra-escuela\/"]}]},{"@type":"BreadcrumbList","@id":"https:\/\/valencia.eleusal.com\/blog-todo-sobre-nuestra-escuela\/#breadcrumb","itemListElement":[{"@type":"ListItem","position":1,"name":"Home","item":"https:\/\/valencia.eleusal.com\/en\/"},{"@type":"ListItem","position":2,"name":"Blog &#8211; All about our school"}]},{"@type":"WebSite","@id":"https:\/\/valencia.eleusal.com\/#website","url":"https:\/\/valencia.eleusal.com\/","name":"ELE USAL Valencia","description":"Institut de Langue Espagnole, apprentissage espagnol, Strasbourg","publisher":{"@id":"https:\/\/valencia.eleusal.com\/#organization"},"potentialAction":[{"@type":"SearchAction","target":{"@type":"EntryPoint","urlTemplate":"https:\/\/valencia.eleusal.com\/?s={search_term_string}"},"query-input":{"@type":"PropertyValueSpecification","valueRequired":true,"valueName":"search_term_string"}}],"inLanguage":"en-US"},{"@type":"Organization","@id":"https:\/\/valencia.eleusal.com\/#organization","name":"ELE USAL Strasbourg","url":"https:\/\/valencia.eleusal.com\/","logo":{"@type":"ImageObject","inLanguage":"en-US","@id":"https:\/\/valencia.eleusal.com\/#\/schema\/logo\/image\/","url":"https:\/\/valencia.eleusal.com\/wp-content\/uploads\/sites\/35\/2020\/09\/ELE-USAL-Bilbao.png","contentUrl":"https:\/\/valencia.eleusal.com\/wp-content\/uploads\/sites\/35\/2020\/09\/ELE-USAL-Bilbao.png","width":695,"height":45,"caption":"ELE USAL Strasbourg"},"image":{"@id":"https:\/\/valencia.eleusal.com\/#\/schema\/logo\/image\/"},"sameAs":["https:\/\/www.facebook.com\/StrasbourgELEUSAL","https:\/\/x.com\/StrasbourgEle","https:\/\/www.instagram.com\/eleusal_strasbourg\/","https:\/\/www.linkedin.com\/company\/strasbourg-ele-usal\/"]}]}},"_links":{"self":[{"href":"https:\/\/valencia.eleusal.com\/en\/wp-json\/wp\/v2\/pages\/539","targetHints":{"allow":["GET"]}}],"collection":[{"href":"https:\/\/valencia.eleusal.com\/en\/wp-json\/wp\/v2\/pages"}],"about":[{"href":"https:\/\/valencia.eleusal.com\/en\/wp-json\/wp\/v2\/types\/page"}],"author":[{"embeddable":true,"href":"https:\/\/valencia.eleusal.com\/en\/wp-json\/wp\/v2\/users\/1"}],"replies":[{"embeddable":true,"href":"https:\/\/valencia.eleusal.com\/en\/wp-json\/wp\/v2\/comments?post=539"}],"version-history":[{"count":7,"href":"https:\/\/valencia.eleusal.com\/en\/wp-json\/wp\/v2\/pages\/539\/revisions"}],"predecessor-version":[{"id":5781,"href":"https:\/\/valencia.eleusal.com\/en\/wp-json\/wp\/v2\/pages\/539\/revisions\/5781"}],"wp:attachment":[{"href":"https:\/\/valencia.eleusal.com\/en\/wp-json\/wp\/v2\/media?parent=539"}],"curies":[{"name":"wp","href":"https:\/\/api.w.org\/{rel}","templated":true}]}}