{"id":4933,"date":"2019-09-04T10:05:25","date_gmt":"2019-09-04T08:05:25","guid":{"rendered":"http:\/\/valencia.elemultisite.eleusal.com\/cursos-idiomas\/"},"modified":"2023-04-03T20:08:08","modified_gmt":"2023-04-03T18:08:08","slug":"blog-tout-sur-notre-ecole","status":"publish","type":"page","link":"https:\/\/valencia.eleusal.com\/fr\/blog-tout-sur-notre-ecole\/","title":{"rendered":"Blog &#8211; Tout sur notre \u00e9cole"},"content":{"rendered":"<p>[vc_row css_animation=\u00a0\u00bb\u00a0\u00bb row_type=\u00a0\u00bbrow\u00a0\u00bb use_row_as_full_screen_section=\u00a0\u00bbno\u00a0\u00bb type=\u00a0\u00bbfull_width\u00a0\u00bb angled_section=\u00a0\u00bbno\u00a0\u00bb text_align=\u00a0\u00bbleft\u00a0\u00bb background_image_as_pattern=\u00a0\u00bbwithout_pattern\u00a0\u00bb][vc_column]<div class='q_masonry_blog'><div class=\"q_masonry_blog_grid_sizer\"><\/div><div class=\"q_masonry_blog_grid_gutter\"><\/div><article  class='post-9104 post type-post status-publish format-standard has-post-thumbnail hentry category-culture-espagnole category-culture-hispanique category-non-classifiee '><div class=\"q_masonry_blog_post_image\"><a itemprop=\"url\" href=\"https:\/\/valencia.eleusal.com\/fr\/hans-christian-hagedorn-linfluence-de-don-quichotte-sur-le-jazz\/\" target=\"_self\"><img decoding=\"async\" itemprop=\"image\" src=\"https:\/\/valencia.eleusal.com\/wp-content\/uploads\/sites\/35\/2024\/01\/IMAGEN-BLOG-PRINCIPAL_FR.jpg\" \/><\/a><\/div><div class=\"q_masonry_blog_post_text\"><h5 itemprop=\"name\" class=\"q_masonry_blog_title entry_title\"><a itemprop=\"url\" href=\"https:\/\/valencia.eleusal.com\/fr\/hans-christian-hagedorn-linfluence-de-don-quichotte-sur-le-jazz\/\">Hans Christian Hagedorn, l&rsquo;influence de Don Quichotte sur le jazz<\/a><\/h5><p itemprop=\"description\" class=\"q_masonry_blog_excerpt\">\u00ab\u00a0Prenez donc garde, r\u00e9pliqua Sancho, ce que nous voyons l\u00e0-bas ne sont pas des g\u00e9ants, mais des moulins \u00e0 vent et ce qui para\u00eet leurs bras, ce sont leurs ailes, lesquelles, tourn\u00e9es par le vent, font tourner \u00e0 leur tour la meule du moulin\u00a0\u00bb. &nbsp;......<\/p><div class=\"q_masonry_blog_post_info\"><\/div><\/div><\/article><article  class='post-8490 post type-post status-publish format-standard has-post-thumbnail hentry category-cours-espagnol '><div class=\"q_masonry_blog_post_image\"><a itemprop=\"url\" href=\"https:\/\/valencia.eleusal.com\/fr\/le-black-friday-arrive-a-ele-usal-strasbourg\/\" target=\"_self\"><img decoding=\"async\" itemprop=\"image\" src=\"https:\/\/valencia.eleusal.com\/wp-content\/uploads\/sites\/35\/2023\/11\/Promo_Black-Friday-2023_Blog.jpg\" \/><\/a><\/div><div class=\"q_masonry_blog_post_text\"><h5 itemprop=\"name\" class=\"q_masonry_blog_title entry_title\"><a itemprop=\"url\" href=\"https:\/\/valencia.eleusal.com\/fr\/le-black-friday-arrive-a-ele-usal-strasbourg\/\">Le Black Friday arrive \u00e0 ELE USAL Strasbourg!<\/a><\/h5><p itemprop=\"description\" class=\"q_masonry_blog_excerpt\">Cette ann\u00e9e, nous avons d\u00e9cid\u00e9 de profiter du Black Friday, de plus en plus c\u00e9l\u00e8bre, pour vous offrir une r\u00e9duction sur les cours d&rsquo;espagnol que nous commencerons en 2024. Il s&rsquo;agit d&rsquo;une r\u00e9duction qui vous permet de profiter de nos cours d&rsquo;espagnol en groupe \u00e0......<\/p><div class=\"q_masonry_blog_post_info\"><\/div><\/div><\/article><article  class='post-7896 post type-post status-publish format-standard has-post-thumbnail hentry category-culture-hispanique '><div class=\"q_masonry_blog_post_image\"><a itemprop=\"url\" href=\"https:\/\/valencia.eleusal.com\/fr\/jour-des-morts\/\" target=\"_self\"><img decoding=\"async\" itemprop=\"image\" src=\"https:\/\/valencia.eleusal.com\/wp-content\/uploads\/sites\/35\/2023\/10\/Strasbourg-Di\u0301a-de-Muertos-Portada.png\" \/><\/a><\/div><div class=\"q_masonry_blog_post_text\"><h5 itemprop=\"name\" class=\"q_masonry_blog_title entry_title\"><a itemprop=\"url\" href=\"https:\/\/valencia.eleusal.com\/fr\/jour-des-morts\/\">Jour des Morts ( D\u00eda de Muertos )<\/a><\/h5><p itemprop=\"description\" class=\"q_masonry_blog_excerpt\">Le Jour des Morts -D\u00eda de Muertos-, l&rsquo;une des c\u00e9l\u00e9brations les plus importantes du Mexique, approche. Pendant le mois d&rsquo;octobre, tout le pays se mobilise pour c\u00e9l\u00e9brer une f\u00eate qui a plus de 500 ans d&rsquo;histoire et qui trouve son origine dans l&rsquo;union des traditions......<\/p><div class=\"q_masonry_blog_post_info\"><\/div><\/div><\/article><article  class='post-7657 post type-post status-publish format-standard has-post-thumbnail hentry category-culture-espagnole '><div class=\"q_masonry_blog_post_image\"><a itemprop=\"url\" href=\"https:\/\/valencia.eleusal.com\/fr\/que-sest-il-passe-entre-le-5-et-le-14-octobre-1582\/\" target=\"_self\"><img decoding=\"async\" itemprop=\"image\" src=\"https:\/\/valencia.eleusal.com\/wp-content\/uploads\/sites\/35\/2023\/10\/Sin-ti\u0301tulo-1-FR.jpg\" \/><\/a><\/div><div class=\"q_masonry_blog_post_text\"><h5 itemprop=\"name\" class=\"q_masonry_blog_title entry_title\"><a itemprop=\"url\" href=\"https:\/\/valencia.eleusal.com\/fr\/que-sest-il-passe-entre-le-5-et-le-14-octobre-1582\/\">Que s&rsquo;est-il pass\u00e9 entre le 5 et le 14 octobre 1582 ?<\/a><\/h5><p itemprop=\"description\" class=\"q_masonry_blog_excerpt\">Rien, ils n&rsquo;existaient pas&#8230; Le 4 octobre 1582, les habitants de l&rsquo;Italie, de la France, de l&rsquo;Espagne et du Portugal se sont endormis pour se r\u00e9veiller dix jours plus tard, exactement le 15 octobre. Il n&rsquo;y a pas eu de maladie ou de ph\u00e9nom\u00e8ne paranormal......<\/p><div class=\"q_masonry_blog_post_info\"><\/div><\/div><\/article><article  class='post-7377 post type-post status-publish format-standard has-post-thumbnail hentry category-culture-espagnole '><div class=\"q_masonry_blog_post_image\"><a itemprop=\"url\" href=\"https:\/\/valencia.eleusal.com\/fr\/feria-dalbacete-dans-un-village-de-la-mancha\/\" target=\"_self\"><img decoding=\"async\" itemprop=\"image\" src=\"https:\/\/valencia.eleusal.com\/wp-content\/uploads\/sites\/35\/2023\/09\/ESPAGNOL_STRASBOURG_FERIA_ALBACETE.jpg\" \/><\/a><\/div><div class=\"q_masonry_blog_post_text\"><h5 itemprop=\"name\" class=\"q_masonry_blog_title entry_title\"><a itemprop=\"url\" href=\"https:\/\/valencia.eleusal.com\/fr\/feria-dalbacete-dans-un-village-de-la-mancha\/\">Feria d&rsquo;Albacete, dans un village de la Mancha&#8230;<\/a><\/h5><p itemprop=\"description\" class=\"q_masonry_blog_excerpt\">Le 7 septembre est marqu\u00e9 en Espagne par la chanson de Mecano, dont le nom est pr\u00e9cis\u00e9ment \u00ab\u00a0El 7 de septiembre\u00a0\u00bb. Mais aussi parce que commence la f\u00eate la plus importante de la ville d&rsquo;Albacete, sa feria, qui pendant dix jours attire des milliers de......<\/p><div class=\"q_masonry_blog_post_info\"><\/div><\/div><\/article><article  class='post-7333 post type-post status-publish format-standard has-post-thumbnail hentry category-non-classifiee '><div class=\"q_masonry_blog_post_image\"><a itemprop=\"url\" href=\"https:\/\/valencia.eleusal.com\/fr\/rentree-2023-vous-pouvez-maintenant-vous-inscrire-a-nos-cours-despagnol\/\" target=\"_self\"><img decoding=\"async\" itemprop=\"image\" src=\"https:\/\/valencia.eleusal.com\/wp-content\/uploads\/sites\/35\/2023\/08\/Sin-ti\u0301tulo-1.jpg\" \/><\/a><\/div><div class=\"q_masonry_blog_post_text\"><h5 itemprop=\"name\" class=\"q_masonry_blog_title entry_title\"><a itemprop=\"url\" href=\"https:\/\/valencia.eleusal.com\/fr\/rentree-2023-vous-pouvez-maintenant-vous-inscrire-a-nos-cours-despagnol\/\">Rentr\u00e9e 2023: Vous pouvez maintenant vous inscrire \u00e0 nos cours d&rsquo;espagnol !<\/a><\/h5><p itemprop=\"description\" class=\"q_masonry_blog_excerpt\">Nous avons commenc\u00e9 le processus d&rsquo;inscription pour les prochains cours, et nous avons plusieurs options qui peuvent vous int\u00e9resser: &#8211;\u00a0Cours d&rsquo;espagnol pour tous les niveaux, en petits groupes\u00a0(avec un maximum de 6-8 \u00e9tudiants par groupe). Les cours de langue et culture commencent la semaine du......<\/p><div class=\"q_masonry_blog_post_info\"><\/div><\/div><\/article><article  class='post-6964 post type-post status-publish format-standard has-post-thumbnail hentry category-cours-espagnol category-culture-espagnole category-diplomas-oficiales-fr '><div class=\"q_masonry_blog_post_image\"><a itemprop=\"url\" href=\"https:\/\/valencia.eleusal.com\/fr\/ele-usal-strasbourg-parmi-les-12-meilleures-ecoles-de-langue-espagnole-en-france\/\" target=\"_self\"><img decoding=\"async\" itemprop=\"image\" src=\"https:\/\/valencia.eleusal.com\/wp-content\/uploads\/sites\/35\/2023\/07\/Meilleures-e\u0301coles-d\u2019espagnol-Strasbourg-.jpg\" \/><\/a><\/div><div class=\"q_masonry_blog_post_text\"><h5 itemprop=\"name\" class=\"q_masonry_blog_title entry_title\"><a itemprop=\"url\" href=\"https:\/\/valencia.eleusal.com\/fr\/ele-usal-strasbourg-parmi-les-12-meilleures-ecoles-de-langue-espagnole-en-france\/\">ELE USAL Strasbourg, parmi les 12 meilleures \u00e9coles de langue espagnole en France<\/a><\/h5><p itemprop=\"description\" class=\"q_masonry_blog_excerpt\">Nous sommes fiers de pouvoir vous annoncer que notre \u00e9cole est class\u00e9e parmi les douze meilleures \u00e9coles d&rsquo;espagnol en France, selon le portail internet Linguaschools.\u00a0 Linguaschools est un projet visait \u00e0 aider des \u00e9tudiants en langues \u00e0 d\u00e9nicher des \u00e9coles d\u2019espagnol de qualit\u00e9 et qui......<\/p><div class=\"q_masonry_blog_post_info\"><\/div><\/div><\/article><article  class='post-6933 post type-post status-publish format-standard has-post-thumbnail hentry category-culture-espagnole '><div class=\"q_masonry_blog_post_image\"><a itemprop=\"url\" href=\"https:\/\/valencia.eleusal.com\/fr\/expressions-espagnoles-quotidiennes-hacer-ilusion\/\" target=\"_self\"><img decoding=\"async\" itemprop=\"image\" src=\"https:\/\/valencia.eleusal.com\/wp-content\/uploads\/sites\/35\/2023\/07\/HACER-ILUSIO\u0301N.jpg\" \/><\/a><\/div><div class=\"q_masonry_blog_post_text\"><h5 itemprop=\"name\" class=\"q_masonry_blog_title entry_title\"><a itemprop=\"url\" href=\"https:\/\/valencia.eleusal.com\/fr\/expressions-espagnoles-quotidiennes-hacer-ilusion\/\">Expressions espagnoles quotidiennes &#8211; Hacer ilusi\u00f3n<\/a><\/h5><p itemprop=\"description\" class=\"q_masonry_blog_excerpt\">Il existe de nombreuses expressions quotidiennes en espagnol qui sont utilis\u00e9es dans toutes sortes de situations et un \u00e9tudiant qui apprend l&rsquo;espagnol veut toujours apprendre. L&rsquo;\u00e9tudiant qui apprend l&rsquo;espagnol veut toujours apprendre les expressions courantes de la vie quotidienne en espagnol afin de pouvoir les......<\/p><div class=\"q_masonry_blog_post_info\"><\/div><\/div><\/article><article  class='post-6912 post type-post status-publish format-standard has-post-thumbnail hentry category-grammaire-ptit-quichotte '><div class=\"q_masonry_blog_post_image\"><a itemprop=\"url\" href=\"https:\/\/valencia.eleusal.com\/fr\/a-devant-un-complement-dobjet-direct\/\" target=\"_self\"><img decoding=\"async\" itemprop=\"image\" src=\"https:\/\/valencia.eleusal.com\/wp-content\/uploads\/sites\/35\/2023\/07\/A-devant-COD.jpg\" \/><\/a><\/div><div class=\"q_masonry_blog_post_text\"><h5 itemprop=\"name\" class=\"q_masonry_blog_title entry_title\"><a itemprop=\"url\" href=\"https:\/\/valencia.eleusal.com\/fr\/a-devant-un-complement-dobjet-direct\/\">\u00ab\u00a0A\u00a0\u00bb devant un compl\u00e9ment d&rsquo;objet direct<\/a><\/h5><p itemprop=\"description\" class=\"q_masonry_blog_excerpt\">L&#8217;emploi de \u00ab\u00a0a\u00a0\u00bb devant un nom de personne &nbsp; \u2660\u00a0Si le compl\u00e9ment d&rsquo;objet direct d&rsquo;un verbe d\u00e9signe une personne ou un groupe de personnes bien d\u00e9fini, on doit le faire pr\u00e9c\u00e9der en espagnol de la pr\u00e9position \u00ab\u00a0a\u00a0\u00bb. Mais attention, ce \u00ab\u00a0a\u00a0\u00bb ne transforme pas le......<\/p><div class=\"q_masonry_blog_post_info\"><\/div><\/div><\/article><article  class='post-6883 post type-post status-publish format-standard has-post-thumbnail hentry category-culture-espagnole '><div class=\"q_masonry_blog_post_image\"><a itemprop=\"url\" href=\"https:\/\/valencia.eleusal.com\/fr\/benito-perez-galdos-le-genie-meconnu\/\" target=\"_self\"><img decoding=\"async\" itemprop=\"image\" src=\"https:\/\/valencia.eleusal.com\/wp-content\/uploads\/sites\/35\/2023\/06\/Benito-Pe\u0301rez-Galdo\u0301s.jpg\" \/><\/a><\/div><div class=\"q_masonry_blog_post_text\"><h5 itemprop=\"name\" class=\"q_masonry_blog_title entry_title\"><a itemprop=\"url\" href=\"https:\/\/valencia.eleusal.com\/fr\/benito-perez-galdos-le-genie-meconnu\/\">Benito P\u00e9rez Gald\u00f3s, le g\u00e9nie m\u00e9connu<\/a><\/h5><p itemprop=\"description\" class=\"q_masonry_blog_excerpt\">A l&rsquo;occasion de la conf\u00e9rence qui aura lieu ce jeudi 28 juin, \u00e0 18h00, dans notre \u00e9cole de Rosa Amor del Olmo, nous souhaitons vous pr\u00e9senter la figure de l&rsquo;\u00e9crivain Benito P\u00e9rez Gald\u00f3s. Pour ce faire, nous avons utilis\u00e9 des extraits sur l&rsquo;auteur parus dans......<\/p><div class=\"q_masonry_blog_post_info\"><\/div><\/div><\/article><article  class='post-6867 post type-post status-publish format-standard has-post-thumbnail hentry category-cours-espagnol '><div class=\"q_masonry_blog_post_image\"><a itemprop=\"url\" href=\"https:\/\/valencia.eleusal.com\/fr\/offre-rentree-10-de-reduction-sur-votre-cours-despagnol\/\" target=\"_self\"><img decoding=\"async\" itemprop=\"image\" src=\"https:\/\/valencia.eleusal.com\/wp-content\/uploads\/sites\/35\/2023\/06\/Ofre-cours-espagnol-Strasbourg_Re\u0301duction.jpg\" \/><\/a><\/div><div class=\"q_masonry_blog_post_text\"><h5 itemprop=\"name\" class=\"q_masonry_blog_title entry_title\"><a itemprop=\"url\" href=\"https:\/\/valencia.eleusal.com\/fr\/offre-rentree-10-de-reduction-sur-votre-cours-despagnol\/\">Offre rentr\u00e9e ! 10% de r\u00e9duction sur votre cours d&rsquo;espagnol<\/a><\/h5><p itemprop=\"description\" class=\"q_masonry_blog_excerpt\">La session printemps-\u00e9t\u00e9 des cours d&rsquo;espagnol ELE USAL Strasbourg est presque termin\u00e9e. Depuis le 2 mai, date \u00e0 laquelle nous avons commenc\u00e9, jusqu&rsquo;au 13 juillet, date \u00e0 laquelle nous terminerons, nous avons essay\u00e9 de faire apprendre \u00e0 nos \u00e9l\u00e8ves le plus d&rsquo;espagnol possible, avec des......<\/p><div class=\"q_masonry_blog_post_info\"><\/div><\/div><\/article><article  class='post-6841 post type-post status-publish format-standard has-post-thumbnail hentry category-non-classifiee '><div class=\"q_masonry_blog_post_image\"><a itemprop=\"url\" href=\"https:\/\/valencia.eleusal.com\/fr\/le-ptit-quichotte-les-adjectifs-demonstratifs\/\" target=\"_self\"><img decoding=\"async\" itemprop=\"image\" src=\"https:\/\/valencia.eleusal.com\/wp-content\/uploads\/sites\/35\/2023\/06\/ESPAGNOL_ADJECTIFS-DE\u0301MONSTRATIFS-1.jpg\" \/><\/a><\/div><div class=\"q_masonry_blog_post_text\"><h5 itemprop=\"name\" class=\"q_masonry_blog_title entry_title\"><a itemprop=\"url\" href=\"https:\/\/valencia.eleusal.com\/fr\/le-ptit-quichotte-les-adjectifs-demonstratifs\/\">Le p&rsquo;tit Quichotte &#8211; Les adjectifs d\u00e9monstratifs<\/a><\/h5><p itemprop=\"description\" class=\"q_masonry_blog_excerpt\">Les adjectifs d\u00e9monstratifs &nbsp; Les adjectifs d\u00e9monstratifs s&#8217;emploient pour d\u00e9signer une personne ou un objet bien pr\u00e9cis et permettent de les situer dans l&rsquo;espace et dans le temps. &nbsp; Formes &nbsp; En espagnol, les adkectifs d\u00e9mostratifs sont este (qui se traduit par ce\/cet&#8230; -ci), ese......<\/p><div class=\"q_masonry_blog_post_info\"><\/div><\/div><\/article><\/div>[\/vc_column][\/vc_row]<\/p>\n","protected":false},"excerpt":{"rendered":"<p>[vc_row css_animation=\u00a0\u00bb\u00a0\u00bb row_type=\u00a0\u00bbrow\u00a0\u00bb use_row_as_full_screen_section=\u00a0\u00bbno\u00a0\u00bb type=\u00a0\u00bbfull_width\u00a0\u00bb angled_section=\u00a0\u00bbno\u00a0\u00bb text_align=\u00a0\u00bbleft\u00a0\u00bb background_image_as_pattern=\u00a0\u00bbwithout_pattern\u00a0\u00bb][vc_column][\/vc_column][\/vc_row]<\/p>\n","protected":false},"author":2,"featured_media":0,"parent":0,"menu_order":0,"comment_status":"closed","ping_status":"closed","template":"","meta":{"footnotes":""},"class_list":["post-4933","page","type-page","status-publish","hentry"],"yoast_head":"<!-- This site is optimized with the Yoast SEO plugin v24.2 - https:\/\/yoast.com\/wordpress\/plugins\/seo\/ -->\n<title>Blog - Tout sur notre \u00e9cole - ELE USAL Valencia<\/title>\n<meta name=\"description\" content=\"Entrez sur le blog et restez inform\u00e9 des derni\u00e8res nouvelles sur les cours de langues \u00e0 ELE USAL STRASBOURG et d&#039;autres curiosit\u00e9s. Entrez et lisez-nous !\" \/>\n<meta name=\"robots\" content=\"index, follow, max-snippet:-1, max-image-preview:large, max-video-preview:-1\" \/>\n<link rel=\"canonical\" href=\"https:\/\/valencia.eleusal.com\/fr\/blog-todo-sobre-nuestra-escuela\/\" \/>\n<meta property=\"og:locale\" content=\"fr_FR\" \/>\n<meta property=\"og:type\" content=\"article\" \/>\n<meta property=\"og:title\" content=\"Blog - Tout sur notre \u00e9cole - ELE USAL Valencia\" \/>\n<meta property=\"og:description\" content=\"Entrez sur le blog et restez inform\u00e9 des derni\u00e8res nouvelles sur les cours de langues \u00e0 ELE USAL STRASBOURG et d&#039;autres curiosit\u00e9s. Entrez et lisez-nous !\" \/>\n<meta property=\"og:url\" content=\"https:\/\/valencia.eleusal.com\/blog-todo-sobre-nuestra-escuela\/\" \/>\n<meta property=\"og:site_name\" content=\"ELE USAL Valencia\" \/>\n<meta property=\"article:publisher\" content=\"https:\/\/www.facebook.com\/StrasbourgELEUSAL\" \/>\n<meta property=\"article:modified_time\" content=\"2023-04-03T18:08:08+00:00\" \/>\n<meta name=\"twitter:card\" content=\"summary_large_image\" \/>\n<meta name=\"twitter:site\" content=\"@StrasbourgEle\" \/>\n<script type=\"application\/ld+json\" class=\"yoast-schema-graph\">{\"@context\":\"https:\/\/schema.org\",\"@graph\":[{\"@type\":\"WebPage\",\"@id\":\"https:\/\/valencia.eleusal.com\/blog-todo-sobre-nuestra-escuela\/\",\"url\":\"https:\/\/valencia.eleusal.com\/blog-todo-sobre-nuestra-escuela\/\",\"name\":\"Blog - Tout sur notre \u00e9cole - ELE USAL Valencia\",\"isPartOf\":{\"@id\":\"https:\/\/valencia.eleusal.com\/#website\"},\"datePublished\":\"2019-09-04T08:05:25+00:00\",\"dateModified\":\"2023-04-03T18:08:08+00:00\",\"description\":\"Entrez sur le blog et restez inform\u00e9 des derni\u00e8res nouvelles sur les cours de langues \u00e0 ELE USAL STRASBOURG et d'autres curiosit\u00e9s. Entrez et lisez-nous !\",\"breadcrumb\":{\"@id\":\"https:\/\/valencia.eleusal.com\/blog-todo-sobre-nuestra-escuela\/#breadcrumb\"},\"inLanguage\":\"fr-FR\",\"potentialAction\":[{\"@type\":\"ReadAction\",\"target\":[\"https:\/\/valencia.eleusal.com\/blog-todo-sobre-nuestra-escuela\/\"]}]},{\"@type\":\"BreadcrumbList\",\"@id\":\"https:\/\/valencia.eleusal.com\/blog-todo-sobre-nuestra-escuela\/#breadcrumb\",\"itemListElement\":[{\"@type\":\"ListItem\",\"position\":1,\"name\":\"Home\",\"item\":\"https:\/\/valencia.eleusal.com\/fr\/\"},{\"@type\":\"ListItem\",\"position\":2,\"name\":\"Blog &#8211; Tout sur notre \u00e9cole\"}]},{\"@type\":\"WebSite\",\"@id\":\"https:\/\/valencia.eleusal.com\/#website\",\"url\":\"https:\/\/valencia.eleusal.com\/\",\"name\":\"ELE USAL Valencia\",\"description\":\"Institut de Langue Espagnole, apprentissage espagnol, Strasbourg\",\"publisher\":{\"@id\":\"https:\/\/valencia.eleusal.com\/#organization\"},\"potentialAction\":[{\"@type\":\"SearchAction\",\"target\":{\"@type\":\"EntryPoint\",\"urlTemplate\":\"https:\/\/valencia.eleusal.com\/?s={search_term_string}\"},\"query-input\":{\"@type\":\"PropertyValueSpecification\",\"valueRequired\":true,\"valueName\":\"search_term_string\"}}],\"inLanguage\":\"fr-FR\"},{\"@type\":\"Organization\",\"@id\":\"https:\/\/valencia.eleusal.com\/#organization\",\"name\":\"ELE USAL Strasbourg\",\"url\":\"https:\/\/valencia.eleusal.com\/\",\"logo\":{\"@type\":\"ImageObject\",\"inLanguage\":\"fr-FR\",\"@id\":\"https:\/\/valencia.eleusal.com\/#\/schema\/logo\/image\/\",\"url\":\"https:\/\/valencia.eleusal.com\/wp-content\/uploads\/sites\/35\/2020\/09\/ELE-USAL-Bilbao.png\",\"contentUrl\":\"https:\/\/valencia.eleusal.com\/wp-content\/uploads\/sites\/35\/2020\/09\/ELE-USAL-Bilbao.png\",\"width\":695,\"height\":45,\"caption\":\"ELE USAL Strasbourg\"},\"image\":{\"@id\":\"https:\/\/valencia.eleusal.com\/#\/schema\/logo\/image\/\"},\"sameAs\":[\"https:\/\/www.facebook.com\/StrasbourgELEUSAL\",\"https:\/\/x.com\/StrasbourgEle\",\"https:\/\/www.instagram.com\/eleusal_strasbourg\/\",\"https:\/\/www.linkedin.com\/company\/strasbourg-ele-usal\/\"]}]}<\/script>\n<!-- \/ Yoast SEO plugin. -->","yoast_head_json":{"title":"Blog - Tout sur notre \u00e9cole - ELE USAL Valencia","description":"Entrez sur le blog et restez inform\u00e9 des derni\u00e8res nouvelles sur les cours de langues \u00e0 ELE USAL STRASBOURG et d'autres curiosit\u00e9s. Entrez et lisez-nous !","robots":{"index":"index","follow":"follow","max-snippet":"max-snippet:-1","max-image-preview":"max-image-preview:large","max-video-preview":"max-video-preview:-1"},"canonical":"https:\/\/valencia.eleusal.com\/fr\/blog-todo-sobre-nuestra-escuela\/","og_locale":"fr_FR","og_type":"article","og_title":"Blog - Tout sur notre \u00e9cole - ELE USAL Valencia","og_description":"Entrez sur le blog et restez inform\u00e9 des derni\u00e8res nouvelles sur les cours de langues \u00e0 ELE USAL STRASBOURG et d'autres curiosit\u00e9s. Entrez et lisez-nous !","og_url":"https:\/\/valencia.eleusal.com\/blog-todo-sobre-nuestra-escuela\/","og_site_name":"ELE USAL Valencia","article_publisher":"https:\/\/www.facebook.com\/StrasbourgELEUSAL","article_modified_time":"2023-04-03T18:08:08+00:00","twitter_card":"summary_large_image","twitter_site":"@StrasbourgEle","schema":{"@context":"https:\/\/schema.org","@graph":[{"@type":"WebPage","@id":"https:\/\/valencia.eleusal.com\/blog-todo-sobre-nuestra-escuela\/","url":"https:\/\/valencia.eleusal.com\/blog-todo-sobre-nuestra-escuela\/","name":"Blog - Tout sur notre \u00e9cole - ELE USAL Valencia","isPartOf":{"@id":"https:\/\/valencia.eleusal.com\/#website"},"datePublished":"2019-09-04T08:05:25+00:00","dateModified":"2023-04-03T18:08:08+00:00","description":"Entrez sur le blog et restez inform\u00e9 des derni\u00e8res nouvelles sur les cours de langues \u00e0 ELE USAL STRASBOURG et d'autres curiosit\u00e9s. Entrez et lisez-nous !","breadcrumb":{"@id":"https:\/\/valencia.eleusal.com\/blog-todo-sobre-nuestra-escuela\/#breadcrumb"},"inLanguage":"fr-FR","potentialAction":[{"@type":"ReadAction","target":["https:\/\/valencia.eleusal.com\/blog-todo-sobre-nuestra-escuela\/"]}]},{"@type":"BreadcrumbList","@id":"https:\/\/valencia.eleusal.com\/blog-todo-sobre-nuestra-escuela\/#breadcrumb","itemListElement":[{"@type":"ListItem","position":1,"name":"Home","item":"https:\/\/valencia.eleusal.com\/fr\/"},{"@type":"ListItem","position":2,"name":"Blog &#8211; Tout sur notre \u00e9cole"}]},{"@type":"WebSite","@id":"https:\/\/valencia.eleusal.com\/#website","url":"https:\/\/valencia.eleusal.com\/","name":"ELE USAL Valencia","description":"Institut de Langue Espagnole, apprentissage espagnol, Strasbourg","publisher":{"@id":"https:\/\/valencia.eleusal.com\/#organization"},"potentialAction":[{"@type":"SearchAction","target":{"@type":"EntryPoint","urlTemplate":"https:\/\/valencia.eleusal.com\/?s={search_term_string}"},"query-input":{"@type":"PropertyValueSpecification","valueRequired":true,"valueName":"search_term_string"}}],"inLanguage":"fr-FR"},{"@type":"Organization","@id":"https:\/\/valencia.eleusal.com\/#organization","name":"ELE USAL Strasbourg","url":"https:\/\/valencia.eleusal.com\/","logo":{"@type":"ImageObject","inLanguage":"fr-FR","@id":"https:\/\/valencia.eleusal.com\/#\/schema\/logo\/image\/","url":"https:\/\/valencia.eleusal.com\/wp-content\/uploads\/sites\/35\/2020\/09\/ELE-USAL-Bilbao.png","contentUrl":"https:\/\/valencia.eleusal.com\/wp-content\/uploads\/sites\/35\/2020\/09\/ELE-USAL-Bilbao.png","width":695,"height":45,"caption":"ELE USAL Strasbourg"},"image":{"@id":"https:\/\/valencia.eleusal.com\/#\/schema\/logo\/image\/"},"sameAs":["https:\/\/www.facebook.com\/StrasbourgELEUSAL","https:\/\/x.com\/StrasbourgEle","https:\/\/www.instagram.com\/eleusal_strasbourg\/","https:\/\/www.linkedin.com\/company\/strasbourg-ele-usal\/"]}]}},"_links":{"self":[{"href":"https:\/\/valencia.eleusal.com\/fr\/wp-json\/wp\/v2\/pages\/4933","targetHints":{"allow":["GET"]}}],"collection":[{"href":"https:\/\/valencia.eleusal.com\/fr\/wp-json\/wp\/v2\/pages"}],"about":[{"href":"https:\/\/valencia.eleusal.com\/fr\/wp-json\/wp\/v2\/types\/page"}],"author":[{"embeddable":true,"href":"https:\/\/valencia.eleusal.com\/fr\/wp-json\/wp\/v2\/users\/2"}],"replies":[{"embeddable":true,"href":"https:\/\/valencia.eleusal.com\/fr\/wp-json\/wp\/v2\/comments?post=4933"}],"version-history":[{"count":8,"href":"https:\/\/valencia.eleusal.com\/fr\/wp-json\/wp\/v2\/pages\/4933\/revisions"}],"predecessor-version":[{"id":6297,"href":"https:\/\/valencia.eleusal.com\/fr\/wp-json\/wp\/v2\/pages\/4933\/revisions\/6297"}],"wp:attachment":[{"href":"https:\/\/valencia.eleusal.com\/fr\/wp-json\/wp\/v2\/media?parent=4933"}],"curies":[{"name":"wp","href":"https:\/\/api.w.org\/{rel}","templated":true}]}}