{"id":5320,"date":"2023-01-24T18:35:51","date_gmt":"2023-01-24T17:35:51","guid":{"rendered":"http:\/\/valencia.elemultisite.eleusal.com\/?page_id=5320"},"modified":"2023-01-24T18:44:20","modified_gmt":"2023-01-24T17:44:20","slug":"lecole","status":"publish","type":"page","link":"https:\/\/valencia.eleusal.com\/fr\/lecole\/","title":{"rendered":"L&rsquo;\u00e9cole"},"content":{"rendered":"<p>[vc_row css_animation=\u00a0\u00bb\u00a0\u00bb row_type=\u00a0\u00bbrow\u00a0\u00bb use_row_as_full_screen_section=\u00a0\u00bbno\u00a0\u00bb type=\u00a0\u00bbgrid\u00a0\u00bb angled_section=\u00a0\u00bbno\u00a0\u00bb text_align=\u00a0\u00bbleft\u00a0\u00bb background_image_as_pattern=\u00a0\u00bbwithout_pattern\u00a0\u00bb z_index=\u00a0\u00bb\u00a0\u00bb][vc_column width=\u00a0\u00bb2\/3&Prime;][vc_empty_space][vc_empty_space][vc_column_text]<\/p>\n<h2>Cher \u00e9tudiant,<\/h2>\n<p>&nbsp;<\/p>\n<p style=\"text-align: justify\">\u00c9coles de Langue Espagnole Universit\u00e9 de Salamanca, S.L. est l\u2019entreprise qui g\u00e8re et soutient le syst\u00e8me global d\u2019\u00e9coles d\u2019enseignement d\u2019espagnol pour \u00e9trangers de l\u2019Universit\u00e9 de Salamanca. ELE USAL Strasbourg jouit du label de l\u2019Universit\u00e9 de Salamanca dans l\u2019enseignement de l\u2019espagnol et transmettent l\u2019exp\u00e9rience et la qualit\u00e9 de Cursos Internacionales de l\u2019USAL.<\/p>\n<p>&nbsp;<\/p>\n<p style=\"text-align: justify\">ELE USAL Strasbourg est l\u2019h\u00e9ritier de l\u2019enseignement de l\u2019espagnol de l\u2019Universit\u00e9 de Salamanca qui a presque 800 ans d\u2019histoire. En 1492 l\u2019USAL est devenue le berceau de l\u2019espagnol avec l\u2019\u00e9dition de la premi\u00e8re Grammaire de la Langue castillane de Antonio de Nebrija. Depuis lors, nombreux ont \u00e9t\u00e9 les efforts r\u00e9alis\u00e9s par l\u2019Universit\u00e9 pour promouvoir l\u2019enseignement de l\u2019espagnol comme langue \u00e9trang\u00e8re.<\/p>\n<p>&nbsp;<\/p>\n<p style=\"text-align: justify\">Actuellement, ELE USAL Strasbourg combine cette ample exp\u00e9rience de l\u2019USAL, en tant qu\u2019Universit\u00e9 de l\u2019espagnol, avec les outils et m\u00e9thodologies d\u2019enseignement les plus avanc\u00e9s.<\/p>\n<p>&nbsp;<\/p>\n<p style=\"text-align: justify\">ELE USAL Strasbourg compte avec une m\u00e9thodologie propre et des manuels d\u2019enseignement cr\u00e9\u00e9s par le D\u00e9partement de Langue et de Litt\u00e9rature de l\u2019Universit\u00e9 de Salamanca. Les \u00c9coles ELE USAL disposent d\u2019un syst\u00e8me informatique de gestion personnalis\u00e9 d\u00e9velopp\u00e9 par l\u2019USAL.<\/p>\n<p>&nbsp;<\/p>\n<p style=\"text-align: justify\">Nous nous r\u00e9jouissons de vous accueillir prochainement \u00e0 ELE USAL Strasbourg.<\/p>\n<p>[\/vc_column_text][vc_empty_space]<div class=\"q_icon_list\"><i class=\"qode_icon_font_awesome fa fa-check-square qode-ili-icon-holder circle\" style=\"background-color: #d22020;\" ><\/i><p style=\"color:#000000;font-size: 18px;font-weight: 300;\">\u00c9cole d'espagnol avec excellence et qualit\u00e9 de l'Universit\u00e9 de Salamanque<\/p><\/div><div class=\"q_icon_list\"><i class=\"qode_icon_font_awesome fa fa-check-square qode-ili-icon-holder circle\" style=\"background-color: #d22020;\" ><\/i><p style=\"color:#000000;font-size: 18px;font-weight: 300;\">Centre examinateur de l'Institut Cervantes (DELE, CCSE, SIELE)<\/p><\/div><div class=\"q_icon_list\"><i class=\"qode_icon_font_awesome fa fa-check-square qode-ili-icon-holder circle\" style=\"background-color: #d22020;\" ><\/i><p style=\"color:#000000;font-size: 18px;font-weight: 300;\">Centre de formation pour les entreprises<\/p><\/div><div class=\"q_icon_list\"><i class=\"qode_icon_font_awesome fa fa-check-square qode-ili-icon-holder circle\" style=\"background-color: #d22020;\" ><\/i><p style=\"color:#000000;font-size: 18px;font-weight: 300;\">Excellent emplacement, au coeur de la ville<\/p><\/div>[vc_empty_space][vc_single_image image=\u00a0\u00bb5314&Prime; alignment=\u00a0\u00bbcenter\u00a0\u00bb qode_css_animation=\u00a0\u00bb\u00a0\u00bb][vc_empty_space][vc_single_image image=\u00a0\u00bb4400&Prime; img_size=\u00a0\u00bblarge\u00a0\u00bb alignment=\u00a0\u00bbcenter\u00a0\u00bb qode_css_animation=\u00a0\u00bb\u00a0\u00bb][\/vc_column][vc_column width=\u00a0\u00bb1\/3&Prime;][vc_empty_space][vc_gmaps link=\u00a0\u00bb#E-8_JTNDaWZyYW1lJTIwc3JjJTNEJTIyaHR0cHMlM0ElMkYlMkZ3d3cuZ29vZ2xlLmNvbSUyRm1hcHMlMkZlbWJlZCUzRnBiJTNEJTIxMW0xOCUyMTFtMTIlMjExbTMlMjExZDI2MzkuNDc5MzcwOTMzOTA4MyUyMTJkNy43NDM5NTAxMTU2NjQ2MDIlMjEzZDQ4LjU4MTUxOTU3OTI2MTMlMjEybTMlMjExZjAlMjEyZjAlMjEzZjAlMjEzbTIlMjExaTEwMjQlMjEyaTc2OCUyMTRmMTMuMSUyMTNtMyUyMTFtMiUyMTFzMHg0Nzk2YzkzOThkZDM4NGE1JTI1M0EweDg5OWFlNGQyODA3OTVhNiUyMTJzRUxFJTI1MjBVU0FMJTI1MjBTdHJhc2JvdXJnJTIxNWUwJTIxM20yJTIxMXNlcyUyMTJzZnIlMjE0djE2MjAxMjA3OTk4ODUlMjE1bTIlMjExc2VzJTIxMnNmciUyMiUyMHdpZHRoJTNEJTIyNjAwJTIyJTIwaGVpZ2h0JTNEJTIyNDUwJTIyJTIwc3R5bGUlM0QlMjJib3JkZXIlM0EwJTNCJTIyJTIwYWxsb3dmdWxsc2NyZWVuJTNEJTIyJTIyJTIwbG9hZGluZyUzRCUyMmxhenklMjIlM0UlM0MlMkZpZnJhbWUlM0U=\u00a0\u00bb size=\u00a0\u00bb\u00a0\u00bb][vc_empty_space]\n<div class=\"wpcf7 no-js\" id=\"wpcf7-f1787-o1\" lang=\"es-ES\" dir=\"ltr\" data-wpcf7-id=\"1787\">\n<div class=\"screen-reader-response\"><p role=\"status\" aria-live=\"polite\" aria-atomic=\"true\"><\/p> <ul><\/ul><\/div>\n<form action=\"\/fr\/wp-json\/wp\/v2\/pages\/5320#wpcf7-f1787-o1\" method=\"post\" class=\"wpcf7-form init default wpcf7-acceptance-as-validation\" aria-label=\"Formulario de contacto\" novalidate=\"novalidate\" data-status=\"init\">\n<div style=\"display: none;\">\n<input type=\"hidden\" name=\"_wpcf7\" value=\"1787\" \/>\n<input type=\"hidden\" name=\"_wpcf7_version\" value=\"6.0.1\" \/>\n<input type=\"hidden\" name=\"_wpcf7_locale\" value=\"es_ES\" \/>\n<input type=\"hidden\" name=\"_wpcf7_unit_tag\" value=\"wpcf7-f1787-o1\" \/>\n<input type=\"hidden\" name=\"_wpcf7_container_post\" value=\"0\" \/>\n<input type=\"hidden\" name=\"_wpcf7_posted_data_hash\" value=\"\" \/>\n<\/div>\n<p><label> Nom (obligatoire)<br \/>\n<span class=\"wpcf7-form-control-wrap\" data-name=\"your-name\"><input size=\"40\" maxlength=\"400\" class=\"wpcf7-form-control wpcf7-text wpcf7-validates-as-required\" aria-required=\"true\" aria-invalid=\"false\" value=\"\" type=\"text\" name=\"your-name\" \/><\/span> <\/label>\n<\/p>\n<p><label> Mail (obligatoire)<br \/>\n<span class=\"wpcf7-form-control-wrap\" data-name=\"your-email\"><input size=\"40\" maxlength=\"400\" class=\"wpcf7-form-control wpcf7-email wpcf7-validates-as-required wpcf7-text wpcf7-validates-as-email\" aria-required=\"true\" aria-invalid=\"false\" value=\"\" type=\"email\" name=\"your-email\" \/><\/span> <\/label>\n<\/p>\n<p><label> Sujet<br \/>\n<span class=\"wpcf7-form-control-wrap\" data-name=\"your-subject\"><input size=\"40\" maxlength=\"400\" class=\"wpcf7-form-control wpcf7-text\" aria-invalid=\"false\" value=\"\" type=\"text\" name=\"your-subject\" \/><\/span> <\/label>\n<\/p>\n<p><label> Message<br \/>\n<span class=\"wpcf7-form-control-wrap\" data-name=\"your-message\"><textarea cols=\"40\" rows=\"10\" maxlength=\"2000\" class=\"wpcf7-form-control wpcf7-textarea\" aria-invalid=\"false\" name=\"your-message\"><\/textarea><\/span> <\/label><br \/>\n<span class=\"wpcf7-form-control-wrap\" data-name=\"Confidentialit\"><span class=\"wpcf7-form-control wpcf7-acceptance\"><span class=\"wpcf7-list-item\"><label><input type=\"checkbox\" name=\"Confidentialit\" value=\"1\" aria-invalid=\"false\" \/><span class=\"wpcf7-list-item-label\">J'ai lu et j'accepte les <a rel=\"nofollow\" href=\"http:\/\/valencia.elemultisite.eleusal.com\/fr\/confidentialite\/\">Politique de confidentialit\u00e9<\/a>.<\/span><\/label><\/span><\/span><\/span>\n<\/p>\n<p><input class=\"wpcf7-form-control wpcf7-submit has-spinner\" type=\"submit\" value=\"Envoyer\" \/>\n<\/p><input type=\"hidden\" id=\"ct_checkjs_cf7_aa942ab2bfa6ebda4840e7360ce6e7ef\" name=\"ct_checkjs_cf7\" value=\"0\" \/><script >setTimeout(function(){var ct_input_name = \"ct_checkjs_cf7_aa942ab2bfa6ebda4840e7360ce6e7ef\";if (document.getElementById(ct_input_name) !== null) {var ct_input_value = document.getElementById(ct_input_name).value;document.getElementById(ct_input_name).value = document.getElementById(ct_input_name).value.replace(ct_input_value, '4abcd756c14f4c0ba9f77d33cc69886d27eb58d5673256fa5cd433e50dedd87e');}}, 1000);<\/script><label class=\"apbct_special_field\" id=\"apbct_label_id37727\" for=\"apbct__email_id__wp_contact_form_7_37727\">37727<\/label><input\n            id=\"apbct__email_id__wp_contact_form_7_37727\"\n            class=\"apbct_special_field apbct__email_id__wp_contact_form_7\"\n            name=\"apbct__email_id__wp_contact_form_7_37727\"\n            type=\"text\" size=\"30\" maxlength=\"200\" autocomplete=\"off\"\n            value=\"37727\" apbct_event_id=\"37727\"\n            \/><input id=\"apbct_event_id_wp_contact_form_7_37727\"\n                class=\"apbct_special_field\" name=\"apbct_event_id\" type=\"hidden\" value=\"37727\" \/><div class=\"wpcf7-response-output\" aria-hidden=\"true\"><\/div>\n<\/form>\n<\/div>\n[vc_empty_space][\/vc_column][\/vc_row][vc_row css_animation=\u00a0\u00bb\u00a0\u00bb row_type=\u00a0\u00bbrow\u00a0\u00bb use_row_as_full_screen_section=\u00a0\u00bbno\u00a0\u00bb type=\u00a0\u00bbfull_width\u00a0\u00bb angled_section=\u00a0\u00bbno\u00a0\u00bb text_align=\u00a0\u00bbleft\u00a0\u00bb background_image_as_pattern=\u00a0\u00bbwithout_pattern\u00a0\u00bb][vc_column][vc_empty_space][\/vc_column][\/vc_row]<\/p>\n","protected":false},"excerpt":{"rendered":"<p>[vc_row css_animation=\u00a0\u00bb\u00a0\u00bb row_type=\u00a0\u00bbrow\u00a0\u00bb use_row_as_full_screen_section=\u00a0\u00bbno\u00a0\u00bb type=\u00a0\u00bbgrid\u00a0\u00bb angled_section=\u00a0\u00bbno\u00a0\u00bb text_align=\u00a0\u00bbleft\u00a0\u00bb background_image_as_pattern=\u00a0\u00bbwithout_pattern\u00a0\u00bb z_index=\u00a0\u00bb\u00a0\u00bb][vc_column width=\u00a0\u00bb2\/3&Prime;][vc_empty_space][vc_empty_space][vc_column_text] Cher \u00e9tudiant, &nbsp; \u00c9coles de Langue Espagnole Universit\u00e9 de Salamanca, S.L. est l\u2019entreprise qui g\u00e8re et soutient le syst\u00e8me global d\u2019\u00e9coles d\u2019enseignement d\u2019espagnol pour \u00e9trangers de l\u2019Universit\u00e9 de Salamanca. ELE USAL Strasbourg jouit du label&#8230;<\/p>\n","protected":false},"author":3,"featured_media":0,"parent":0,"menu_order":0,"comment_status":"closed","ping_status":"closed","template":"full_width.php","meta":{"footnotes":""},"class_list":["post-5320","page","type-page","status-publish","hentry"],"yoast_head":"<!-- This site is optimized with the Yoast SEO plugin v24.2 - https:\/\/yoast.com\/wordpress\/plugins\/seo\/ -->\n<title>L&#039;\u00e9cole - ELE USAL Valencia<\/title>\n<meta name=\"description\" content=\"L&#039;Ecole ELE USAL de Strasbourg porte la marque de l&#039;Universit\u00e9 de Salamanque dans l&#039;enseignement de l&#039;espagnol et s&#039;appuie sur l&#039;exp\u00e9rience et la qualit\u00e9.\" \/>\n<meta name=\"robots\" content=\"index, follow, max-snippet:-1, max-image-preview:large, max-video-preview:-1\" \/>\n<link rel=\"canonical\" href=\"https:\/\/valencia.eleusal.com\/fr\/la-escuela\/\" \/>\n<meta property=\"og:locale\" content=\"fr_FR\" \/>\n<meta property=\"og:type\" content=\"article\" \/>\n<meta property=\"og:title\" content=\"L&#039;\u00e9cole - ELE USAL Valencia\" \/>\n<meta property=\"og:description\" content=\"L&#039;Ecole ELE USAL de Strasbourg porte la marque de l&#039;Universit\u00e9 de Salamanque dans l&#039;enseignement de l&#039;espagnol et s&#039;appuie sur l&#039;exp\u00e9rience et la qualit\u00e9.\" \/>\n<meta property=\"og:url\" content=\"https:\/\/valencia.eleusal.com\/la-escuela\/\" \/>\n<meta property=\"og:site_name\" content=\"ELE USAL Valencia\" \/>\n<meta property=\"article:publisher\" content=\"https:\/\/www.facebook.com\/StrasbourgELEUSAL\" \/>\n<meta property=\"article:modified_time\" content=\"2023-01-24T17:44:20+00:00\" \/>\n<meta name=\"twitter:card\" content=\"summary_large_image\" \/>\n<meta name=\"twitter:site\" content=\"@StrasbourgEle\" \/>\n<meta name=\"twitter:label1\" content=\"Dur\u00e9e de lecture estim\u00e9e\" \/>\n\t<meta name=\"twitter:data1\" content=\"3 minutes\" \/>\n<script type=\"application\/ld+json\" class=\"yoast-schema-graph\">{\"@context\":\"https:\/\/schema.org\",\"@graph\":[{\"@type\":\"WebPage\",\"@id\":\"https:\/\/valencia.eleusal.com\/la-escuela\/\",\"url\":\"https:\/\/valencia.eleusal.com\/la-escuela\/\",\"name\":\"L'\u00e9cole - ELE USAL Valencia\",\"isPartOf\":{\"@id\":\"https:\/\/valencia.eleusal.com\/#website\"},\"datePublished\":\"2023-01-24T17:35:51+00:00\",\"dateModified\":\"2023-01-24T17:44:20+00:00\",\"description\":\"L'Ecole ELE USAL de Strasbourg porte la marque de l'Universit\u00e9 de Salamanque dans l'enseignement de l'espagnol et s'appuie sur l'exp\u00e9rience et la qualit\u00e9.\",\"breadcrumb\":{\"@id\":\"https:\/\/valencia.eleusal.com\/la-escuela\/#breadcrumb\"},\"inLanguage\":\"fr-FR\",\"potentialAction\":[{\"@type\":\"ReadAction\",\"target\":[\"https:\/\/valencia.eleusal.com\/la-escuela\/\"]}]},{\"@type\":\"BreadcrumbList\",\"@id\":\"https:\/\/valencia.eleusal.com\/la-escuela\/#breadcrumb\",\"itemListElement\":[{\"@type\":\"ListItem\",\"position\":1,\"name\":\"Home\",\"item\":\"https:\/\/valencia.eleusal.com\/fr\/\"},{\"@type\":\"ListItem\",\"position\":2,\"name\":\"L&#8217;\u00e9cole\"}]},{\"@type\":\"WebSite\",\"@id\":\"https:\/\/valencia.eleusal.com\/#website\",\"url\":\"https:\/\/valencia.eleusal.com\/\",\"name\":\"ELE USAL Valencia\",\"description\":\"Institut de Langue Espagnole, apprentissage espagnol, Strasbourg\",\"publisher\":{\"@id\":\"https:\/\/valencia.eleusal.com\/#organization\"},\"potentialAction\":[{\"@type\":\"SearchAction\",\"target\":{\"@type\":\"EntryPoint\",\"urlTemplate\":\"https:\/\/valencia.eleusal.com\/?s={search_term_string}\"},\"query-input\":{\"@type\":\"PropertyValueSpecification\",\"valueRequired\":true,\"valueName\":\"search_term_string\"}}],\"inLanguage\":\"fr-FR\"},{\"@type\":\"Organization\",\"@id\":\"https:\/\/valencia.eleusal.com\/#organization\",\"name\":\"ELE USAL Strasbourg\",\"url\":\"https:\/\/valencia.eleusal.com\/\",\"logo\":{\"@type\":\"ImageObject\",\"inLanguage\":\"fr-FR\",\"@id\":\"https:\/\/valencia.eleusal.com\/#\/schema\/logo\/image\/\",\"url\":\"https:\/\/valencia.eleusal.com\/wp-content\/uploads\/sites\/35\/2020\/09\/ELE-USAL-Bilbao.png\",\"contentUrl\":\"https:\/\/valencia.eleusal.com\/wp-content\/uploads\/sites\/35\/2020\/09\/ELE-USAL-Bilbao.png\",\"width\":695,\"height\":45,\"caption\":\"ELE USAL Strasbourg\"},\"image\":{\"@id\":\"https:\/\/valencia.eleusal.com\/#\/schema\/logo\/image\/\"},\"sameAs\":[\"https:\/\/www.facebook.com\/StrasbourgELEUSAL\",\"https:\/\/x.com\/StrasbourgEle\",\"https:\/\/www.instagram.com\/eleusal_strasbourg\/\",\"https:\/\/www.linkedin.com\/company\/strasbourg-ele-usal\/\"]}]}<\/script>\n<!-- \/ Yoast SEO plugin. -->","yoast_head_json":{"title":"L'\u00e9cole - ELE USAL Valencia","description":"L'Ecole ELE USAL de Strasbourg porte la marque de l'Universit\u00e9 de Salamanque dans l'enseignement de l'espagnol et s'appuie sur l'exp\u00e9rience et la qualit\u00e9.","robots":{"index":"index","follow":"follow","max-snippet":"max-snippet:-1","max-image-preview":"max-image-preview:large","max-video-preview":"max-video-preview:-1"},"canonical":"https:\/\/valencia.eleusal.com\/fr\/la-escuela\/","og_locale":"fr_FR","og_type":"article","og_title":"L'\u00e9cole - ELE USAL Valencia","og_description":"L'Ecole ELE USAL de Strasbourg porte la marque de l'Universit\u00e9 de Salamanque dans l'enseignement de l'espagnol et s'appuie sur l'exp\u00e9rience et la qualit\u00e9.","og_url":"https:\/\/valencia.eleusal.com\/la-escuela\/","og_site_name":"ELE USAL Valencia","article_publisher":"https:\/\/www.facebook.com\/StrasbourgELEUSAL","article_modified_time":"2023-01-24T17:44:20+00:00","twitter_card":"summary_large_image","twitter_site":"@StrasbourgEle","twitter_misc":{"Dur\u00e9e de lecture estim\u00e9e":"3 minutes"},"schema":{"@context":"https:\/\/schema.org","@graph":[{"@type":"WebPage","@id":"https:\/\/valencia.eleusal.com\/la-escuela\/","url":"https:\/\/valencia.eleusal.com\/la-escuela\/","name":"L'\u00e9cole - ELE USAL Valencia","isPartOf":{"@id":"https:\/\/valencia.eleusal.com\/#website"},"datePublished":"2023-01-24T17:35:51+00:00","dateModified":"2023-01-24T17:44:20+00:00","description":"L'Ecole ELE USAL de Strasbourg porte la marque de l'Universit\u00e9 de Salamanque dans l'enseignement de l'espagnol et s'appuie sur l'exp\u00e9rience et la qualit\u00e9.","breadcrumb":{"@id":"https:\/\/valencia.eleusal.com\/la-escuela\/#breadcrumb"},"inLanguage":"fr-FR","potentialAction":[{"@type":"ReadAction","target":["https:\/\/valencia.eleusal.com\/la-escuela\/"]}]},{"@type":"BreadcrumbList","@id":"https:\/\/valencia.eleusal.com\/la-escuela\/#breadcrumb","itemListElement":[{"@type":"ListItem","position":1,"name":"Home","item":"https:\/\/valencia.eleusal.com\/fr\/"},{"@type":"ListItem","position":2,"name":"L&#8217;\u00e9cole"}]},{"@type":"WebSite","@id":"https:\/\/valencia.eleusal.com\/#website","url":"https:\/\/valencia.eleusal.com\/","name":"ELE USAL Valencia","description":"Institut de Langue Espagnole, apprentissage espagnol, Strasbourg","publisher":{"@id":"https:\/\/valencia.eleusal.com\/#organization"},"potentialAction":[{"@type":"SearchAction","target":{"@type":"EntryPoint","urlTemplate":"https:\/\/valencia.eleusal.com\/?s={search_term_string}"},"query-input":{"@type":"PropertyValueSpecification","valueRequired":true,"valueName":"search_term_string"}}],"inLanguage":"fr-FR"},{"@type":"Organization","@id":"https:\/\/valencia.eleusal.com\/#organization","name":"ELE USAL Strasbourg","url":"https:\/\/valencia.eleusal.com\/","logo":{"@type":"ImageObject","inLanguage":"fr-FR","@id":"https:\/\/valencia.eleusal.com\/#\/schema\/logo\/image\/","url":"https:\/\/valencia.eleusal.com\/wp-content\/uploads\/sites\/35\/2020\/09\/ELE-USAL-Bilbao.png","contentUrl":"https:\/\/valencia.eleusal.com\/wp-content\/uploads\/sites\/35\/2020\/09\/ELE-USAL-Bilbao.png","width":695,"height":45,"caption":"ELE USAL Strasbourg"},"image":{"@id":"https:\/\/valencia.eleusal.com\/#\/schema\/logo\/image\/"},"sameAs":["https:\/\/www.facebook.com\/StrasbourgELEUSAL","https:\/\/x.com\/StrasbourgEle","https:\/\/www.instagram.com\/eleusal_strasbourg\/","https:\/\/www.linkedin.com\/company\/strasbourg-ele-usal\/"]}]}},"_links":{"self":[{"href":"https:\/\/valencia.eleusal.com\/fr\/wp-json\/wp\/v2\/pages\/5320","targetHints":{"allow":["GET"]}}],"collection":[{"href":"https:\/\/valencia.eleusal.com\/fr\/wp-json\/wp\/v2\/pages"}],"about":[{"href":"https:\/\/valencia.eleusal.com\/fr\/wp-json\/wp\/v2\/types\/page"}],"author":[{"embeddable":true,"href":"https:\/\/valencia.eleusal.com\/fr\/wp-json\/wp\/v2\/users\/3"}],"replies":[{"embeddable":true,"href":"https:\/\/valencia.eleusal.com\/fr\/wp-json\/wp\/v2\/comments?post=5320"}],"version-history":[{"count":4,"href":"https:\/\/valencia.eleusal.com\/fr\/wp-json\/wp\/v2\/pages\/5320\/revisions"}],"predecessor-version":[{"id":8676,"href":"https:\/\/valencia.eleusal.com\/fr\/wp-json\/wp\/v2\/pages\/5320\/revisions\/8676"}],"wp:attachment":[{"href":"https:\/\/valencia.eleusal.com\/fr\/wp-json\/wp\/v2\/media?parent=5320"}],"curies":[{"name":"wp","href":"https:\/\/api.w.org\/{rel}","templated":true}]}}