{"id":5403,"date":"2023-01-26T09:26:40","date_gmt":"2023-01-26T08:26:40","guid":{"rendered":"http:\/\/valencia.elemultisite.eleusal.com\/?page_id=5403"},"modified":"2023-12-05T20:16:34","modified_gmt":"2023-12-05T19:16:34","slug":"appels-aux-examens-officiels","status":"publish","type":"page","link":"https:\/\/valencia.eleusal.com\/fr\/appels-aux-examens-officiels\/","title":{"rendered":"Examens officiels"},"content":{"rendered":"<p>[vc_row css_animation=\u00a0\u00bb\u00a0\u00bb row_type=\u00a0\u00bbrow\u00a0\u00bb use_row_as_full_screen_section=\u00a0\u00bbno\u00a0\u00bb type=\u00a0\u00bbfull_width\u00a0\u00bb angled_section=\u00a0\u00bbno\u00a0\u00bb text_align=\u00a0\u00bbleft\u00a0\u00bb background_image_as_pattern=\u00a0\u00bbwithout_pattern\u00a0\u00bb][vc_column][vc_column_text]<\/p>\n<h2 id=\"tw-target-text\" class=\"tw-data-text tw-text-large tw-ta\" style=\"text-align: center\" data-placeholder=\"Traducci\u00f3n\"><strong><span class=\"Y2IQFc\" lang=\"fr\" style=\"color: #99042f\">Examens officiels 2024<\/span><\/strong><\/h2>\n<p>[\/vc_column_text][vc_empty_space][vc_empty_space][\/vc_column][\/vc_row][vc_row css_animation=\u00a0\u00bb\u00a0\u00bb row_type=\u00a0\u00bbrow\u00a0\u00bb use_row_as_full_screen_section=\u00a0\u00bbno\u00a0\u00bb type=\u00a0\u00bbfull_width\u00a0\u00bb angled_section=\u00a0\u00bbno\u00a0\u00bb text_align=\u00a0\u00bbleft\u00a0\u00bb background_image_as_pattern=\u00a0\u00bbwithout_pattern\u00a0\u00bb][vc_column][vc_column_text]<\/p>\n<h2 style=\"text-align: center\"><strong>DELE<\/strong><\/h2>\n<p>&nbsp;<\/p>\n<p><a href=\"http:\/\/valencia.elemultisite.eleusal.com\/wp-content\/uploads\/sites\/35\/2023\/12\/Captura-de-pantalla-2023-12-05-a-las-20.11.06.png\" target=\"_blank\" rel=\"noopener noreferrer\"><img loading=\"lazy\" decoding=\"async\" class=\"aligncenter wp-image-8599 size-full\" src=\"http:\/\/valencia.elemultisite.eleusal.com\/wp-content\/uploads\/sites\/35\/2023\/12\/Captura-de-pantalla-2023-12-05-a-las-20.11.06.png\" alt=\"Dates de l'examen d'espagnol du DELE\" width=\"1974\" height=\"450\" srcset=\"https:\/\/valencia.eleusal.com\/wp-content\/uploads\/sites\/35\/2023\/12\/Captura-de-pantalla-2023-12-05-a-las-20.11.06.png 1974w, https:\/\/valencia.eleusal.com\/wp-content\/uploads\/sites\/35\/2023\/12\/Captura-de-pantalla-2023-12-05-a-las-20.11.06-300x68.png 300w, https:\/\/valencia.eleusal.com\/wp-content\/uploads\/sites\/35\/2023\/12\/Captura-de-pantalla-2023-12-05-a-las-20.11.06-1024x233.png 1024w, https:\/\/valencia.eleusal.com\/wp-content\/uploads\/sites\/35\/2023\/12\/Captura-de-pantalla-2023-12-05-a-las-20.11.06-768x175.png 768w, https:\/\/valencia.eleusal.com\/wp-content\/uploads\/sites\/35\/2023\/12\/Captura-de-pantalla-2023-12-05-a-las-20.11.06-1536x350.png 1536w, https:\/\/valencia.eleusal.com\/wp-content\/uploads\/sites\/35\/2023\/12\/Captura-de-pantalla-2023-12-05-a-las-20.11.06-700x160.png 700w, https:\/\/valencia.eleusal.com\/wp-content\/uploads\/sites\/35\/2023\/12\/Captura-de-pantalla-2023-12-05-a-las-20.11.06-600x137.png 600w\" sizes=\"auto, (max-width: 1974px) 100vw, 1974px\" \/><\/a>[\/vc_column_text][vc_empty_space][vc_empty_space][vc_empty_space][\/vc_column][\/vc_row][vc_row css_animation=\u00a0\u00bb\u00a0\u00bb row_type=\u00a0\u00bbrow\u00a0\u00bb use_row_as_full_screen_section=\u00a0\u00bbno\u00a0\u00bb type=\u00a0\u00bbfull_width\u00a0\u00bb angled_section=\u00a0\u00bbno\u00a0\u00bb text_align=\u00a0\u00bbleft\u00a0\u00bb background_image_as_pattern=\u00a0\u00bbwithout_pattern\u00a0\u00bb][vc_column width=\u00a0\u00bb1\/3&Prime;][\/vc_column][vc_column width=\u00a0\u00bb1\/3&Prime;]\n\n\t<a href=\"https:\/\/strasbourg.eleusal.com\/fr\/diplome-dele\/\" target=\"_blank\" style=\"color: #ffffff;background-color: #d22020;font-family: Work Sans;font-size: 25px;font-weight: 600;margin: 30px 0px 60px 90px\" class=\"qode-btn qode-btn-medium qode-btn-solid qode-btn-custom-hover-bg qode-btn-custom-hover-color boton-rojo centrado qode-btn-default-hover\" data-hover-bg-color=\"#0a0a0a\" data-hover-color=\"#ffffff\" >\n\t    <span class=\"qode-btn-text\">DIPL\u00d4MES DELE<\/span>\t<\/a>\n\n[\/vc_column][vc_column width=\u00a0\u00bb1\/3&Prime;][\/vc_column][\/vc_row][vc_row css_animation=\u00a0\u00bb\u00a0\u00bb row_type=\u00a0\u00bbrow\u00a0\u00bb use_row_as_full_screen_section=\u00a0\u00bbno\u00a0\u00bb type=\u00a0\u00bbfull_width\u00a0\u00bb angled_section=\u00a0\u00bbno\u00a0\u00bb text_align=\u00a0\u00bbleft\u00a0\u00bb background_image_as_pattern=\u00a0\u00bbwithout_pattern\u00a0\u00bb][vc_column][vc_empty_space][vc_column_text]<\/p>\n<h2 style=\"text-align: center\"><strong>SIELE<\/strong><\/h2>\n<p>&nbsp;<\/p>\n<p style=\"text-align: center\"><a href=\"http:\/\/valencia.elemultisite.eleusal.com\/wp-content\/uploads\/sites\/35\/2023\/02\/Captura-de-pantalla-2023-02-18-a-las-19.05.11.png\" target=\"_blank\" rel=\"noopener noreferrer\"><img loading=\"lazy\" decoding=\"async\" class=\"aligncenter wp-image-6197 size-full\" src=\"http:\/\/valencia.elemultisite.eleusal.com\/wp-content\/uploads\/sites\/35\/2023\/02\/Captura-de-pantalla-2023-02-18-a-las-19.05.11.png\" alt=\"\" width=\"2210\" height=\"680\" srcset=\"https:\/\/valencia.eleusal.com\/wp-content\/uploads\/sites\/35\/2023\/02\/Captura-de-pantalla-2023-02-18-a-las-19.05.11.png 2210w, https:\/\/valencia.eleusal.com\/wp-content\/uploads\/sites\/35\/2023\/02\/Captura-de-pantalla-2023-02-18-a-las-19.05.11-300x92.png 300w, https:\/\/valencia.eleusal.com\/wp-content\/uploads\/sites\/35\/2023\/02\/Captura-de-pantalla-2023-02-18-a-las-19.05.11-1024x315.png 1024w, https:\/\/valencia.eleusal.com\/wp-content\/uploads\/sites\/35\/2023\/02\/Captura-de-pantalla-2023-02-18-a-las-19.05.11-768x236.png 768w, https:\/\/valencia.eleusal.com\/wp-content\/uploads\/sites\/35\/2023\/02\/Captura-de-pantalla-2023-02-18-a-las-19.05.11-1536x473.png 1536w, https:\/\/valencia.eleusal.com\/wp-content\/uploads\/sites\/35\/2023\/02\/Captura-de-pantalla-2023-02-18-a-las-19.05.11-2048x630.png 2048w, https:\/\/valencia.eleusal.com\/wp-content\/uploads\/sites\/35\/2023\/02\/Captura-de-pantalla-2023-02-18-a-las-19.05.11-700x215.png 700w, https:\/\/valencia.eleusal.com\/wp-content\/uploads\/sites\/35\/2023\/02\/Captura-de-pantalla-2023-02-18-a-las-19.05.11-600x185.png 600w\" sizes=\"auto, (max-width: 2210px) 100vw, 2210px\" \/><\/a><\/p>\n<p>[\/vc_column_text][vc_empty_space][vc_column_text]<\/p>\n<p style=\"text-align: center\"><strong><span style=\"color: #99042f\">Les sessions peuvent \u00eatre programm\u00e9es \u00e0 tout moment ; il suffit de <span style=\"text-decoration: underline\">nous contacter<\/span> pour que nous puissions les organiser.<\/span><\/strong><\/p>\n<p>[\/vc_column_text][vc_empty_space][vc_empty_space][\/vc_column][\/vc_row][vc_row css_animation=\u00a0\u00bb\u00a0\u00bb row_type=\u00a0\u00bbrow\u00a0\u00bb use_row_as_full_screen_section=\u00a0\u00bbno\u00a0\u00bb type=\u00a0\u00bbfull_width\u00a0\u00bb angled_section=\u00a0\u00bbno\u00a0\u00bb text_align=\u00a0\u00bbleft\u00a0\u00bb background_image_as_pattern=\u00a0\u00bbwithout_pattern\u00a0\u00bb][vc_column width=\u00a0\u00bb1\/3&Prime;][\/vc_column][vc_column width=\u00a0\u00bb1\/3&Prime;]\n\n\t<a href=\"https:\/\/strasbourg.eleusal.com\/fr\/certification-siele\/\" target=\"_blank\" style=\"color: #ffffff;background-color: #d22020;font-family: Work Sans;font-size: 25px;font-weight: 600;margin: 30px 0px 60px 90px\" class=\"qode-btn qode-btn-medium qode-btn-solid qode-btn-custom-hover-bg qode-btn-custom-hover-color boton-rojo centrado qode-btn-default-hover\" data-hover-bg-color=\"#0a0a0a\" data-hover-color=\"#ffffff\" >\n\t    <span class=\"qode-btn-text\">CERTIFICACTION SIELE<\/span>\t<\/a>\n\n[\/vc_column][vc_column width=\u00a0\u00bb1\/3&Prime;][\/vc_column][\/vc_row][vc_row css_animation=\u00a0\u00bb\u00a0\u00bb row_type=\u00a0\u00bbrow\u00a0\u00bb use_row_as_full_screen_section=\u00a0\u00bbno\u00a0\u00bb type=\u00a0\u00bbfull_width\u00a0\u00bb angled_section=\u00a0\u00bbno\u00a0\u00bb text_align=\u00a0\u00bbleft\u00a0\u00bb background_image_as_pattern=\u00a0\u00bbwithout_pattern\u00a0\u00bb][vc_column][vc_empty_space][vc_column_text]<\/p>\n<h2 style=\"text-align: center\"><strong>CCSE<\/strong><\/h2>\n<p>&nbsp;<\/p>\n<p><a href=\"http:\/\/valencia.elemultisite.eleusal.com\/wp-content\/uploads\/sites\/35\/2023\/02\/Captura-de-pantalla-2023-02-14-a-las-13.13.24.png\" target=\"_blank\" rel=\"noopener noreferrer\"><img loading=\"lazy\" decoding=\"async\" class=\"aligncenter wp-image-5982 size-full\" src=\"http:\/\/valencia.elemultisite.eleusal.com\/wp-content\/uploads\/sites\/35\/2023\/02\/Captura-de-pantalla-2023-02-14-a-las-13.13.24.png\" alt=\"Dates examen CCSE espagnol\" width=\"2150\" height=\"926\" srcset=\"https:\/\/valencia.eleusal.com\/wp-content\/uploads\/sites\/35\/2023\/02\/Captura-de-pantalla-2023-02-14-a-las-13.13.24.png 2150w, https:\/\/valencia.eleusal.com\/wp-content\/uploads\/sites\/35\/2023\/02\/Captura-de-pantalla-2023-02-14-a-las-13.13.24-300x129.png 300w, https:\/\/valencia.eleusal.com\/wp-content\/uploads\/sites\/35\/2023\/02\/Captura-de-pantalla-2023-02-14-a-las-13.13.24-1024x441.png 1024w, https:\/\/valencia.eleusal.com\/wp-content\/uploads\/sites\/35\/2023\/02\/Captura-de-pantalla-2023-02-14-a-las-13.13.24-768x331.png 768w, https:\/\/valencia.eleusal.com\/wp-content\/uploads\/sites\/35\/2023\/02\/Captura-de-pantalla-2023-02-14-a-las-13.13.24-1536x662.png 1536w, https:\/\/valencia.eleusal.com\/wp-content\/uploads\/sites\/35\/2023\/02\/Captura-de-pantalla-2023-02-14-a-las-13.13.24-2048x882.png 2048w, https:\/\/valencia.eleusal.com\/wp-content\/uploads\/sites\/35\/2023\/02\/Captura-de-pantalla-2023-02-14-a-las-13.13.24-700x301.png 700w, https:\/\/valencia.eleusal.com\/wp-content\/uploads\/sites\/35\/2023\/02\/Captura-de-pantalla-2023-02-14-a-las-13.13.24-600x258.png 600w\" sizes=\"auto, (max-width: 2150px) 100vw, 2150px\" \/><\/a>[\/vc_column_text][vc_empty_space][vc_column_text]<\/p>\n<p style=\"text-align: center\"><strong><span style=\"color: #99042f\">Les frais d&rsquo;inscription \u00e0 l&rsquo;examen CCSE en 2023 sont de 85 euros \/ <\/span><\/strong><a href=\"https:\/\/examenes.cervantes.es\/es\/ccse\/que-es\" target=\"_blank\" rel=\"noopener noreferrer\"><strong><span style=\"text-decoration: underline\"><span style=\"color: #99042f;text-decoration: underline\">Plus d&rsquo;informations<\/span><\/span><\/strong><\/a> <span style=\"color: #99042f\">\/\u00a0<\/span><a href=\"https:\/\/drive.google.com\/file\/d\/13Q9baDrehR4syoMzCUQ-aVdolapgIcws\/view\" target=\"_blank\" rel=\"noopener noreferrer\"><span style=\"color: #99042f\"><strong><span style=\"text-decoration: underline\">Comment s&rsquo;inscrire \u00e0 de l&rsquo;\u00e9prouve CCSE ?<\/span><\/strong><\/span><\/a><\/p>\n<p>[\/vc_column_text][vc_empty_space][\/vc_column][\/vc_row]<\/p>\n","protected":false},"excerpt":{"rendered":"<p>[vc_row css_animation=\u00a0\u00bb\u00a0\u00bb row_type=\u00a0\u00bbrow\u00a0\u00bb use_row_as_full_screen_section=\u00a0\u00bbno\u00a0\u00bb type=\u00a0\u00bbfull_width\u00a0\u00bb angled_section=\u00a0\u00bbno\u00a0\u00bb text_align=\u00a0\u00bbleft\u00a0\u00bb background_image_as_pattern=\u00a0\u00bbwithout_pattern\u00a0\u00bb][vc_column][vc_column_text] Examens officiels 2024 [\/vc_column_text][vc_empty_space][vc_empty_space][\/vc_column][\/vc_row][vc_row css_animation=\u00a0\u00bb\u00a0\u00bb row_type=\u00a0\u00bbrow\u00a0\u00bb use_row_as_full_screen_section=\u00a0\u00bbno\u00a0\u00bb type=\u00a0\u00bbfull_width\u00a0\u00bb angled_section=\u00a0\u00bbno\u00a0\u00bb text_align=\u00a0\u00bbleft\u00a0\u00bb background_image_as_pattern=\u00a0\u00bbwithout_pattern\u00a0\u00bb][vc_column][vc_column_text] DELE &nbsp; [\/vc_column_text][vc_empty_space][vc_empty_space][vc_empty_space][\/vc_column][\/vc_row][vc_row css_animation=\u00a0\u00bb\u00a0\u00bb row_type=\u00a0\u00bbrow\u00a0\u00bb use_row_as_full_screen_section=\u00a0\u00bbno\u00a0\u00bb type=\u00a0\u00bbfull_width\u00a0\u00bb angled_section=\u00a0\u00bbno\u00a0\u00bb text_align=\u00a0\u00bbleft\u00a0\u00bb background_image_as_pattern=\u00a0\u00bbwithout_pattern\u00a0\u00bb][vc_column width=\u00a0\u00bb1\/3&Prime;][\/vc_column][vc_column width=\u00a0\u00bb1\/3&Prime;][\/vc_column][vc_column width=\u00a0\u00bb1\/3&Prime;][\/vc_column][\/vc_row][vc_row css_animation=\u00a0\u00bb\u00a0\u00bb row_type=\u00a0\u00bbrow\u00a0\u00bb use_row_as_full_screen_section=\u00a0\u00bbno\u00a0\u00bb type=\u00a0\u00bbfull_width\u00a0\u00bb angled_section=\u00a0\u00bbno\u00a0\u00bb text_align=\u00a0\u00bbleft\u00a0\u00bb background_image_as_pattern=\u00a0\u00bbwithout_pattern\u00a0\u00bb][vc_column][vc_empty_space][vc_column_text] SIELE &nbsp; [\/vc_column_text][vc_empty_space][vc_column_text] Les sessions peuvent&#8230;<\/p>\n","protected":false},"author":3,"featured_media":0,"parent":0,"menu_order":0,"comment_status":"closed","ping_status":"closed","template":"","meta":{"footnotes":""},"class_list":["post-5403","page","type-page","status-publish","hentry"],"yoast_head":"<!-- This site is optimized with the Yoast SEO plugin v24.2 - https:\/\/yoast.com\/wordpress\/plugins\/seo\/ -->\n<title>Examens officiels - ELE USAL Valencia<\/title>\n<meta name=\"description\" content=\"Convocations aux examens officiels 2023 pour passer le DELE et le CCSE, tant la date des examens que les d\u00e9lais d&#039;inscription.\" \/>\n<meta name=\"robots\" content=\"index, follow, max-snippet:-1, max-image-preview:large, max-video-preview:-1\" \/>\n<link rel=\"canonical\" href=\"https:\/\/valencia.eleusal.com\/fr\/convocatorias-examenes-oficiales\/\" \/>\n<meta property=\"og:locale\" content=\"fr_FR\" \/>\n<meta property=\"og:type\" content=\"article\" \/>\n<meta property=\"og:title\" content=\"Examens officiels - ELE USAL Valencia\" \/>\n<meta property=\"og:description\" content=\"Convocations aux examens officiels 2023 pour passer le DELE et le CCSE, tant la date des examens que les d\u00e9lais d&#039;inscription.\" \/>\n<meta property=\"og:url\" content=\"https:\/\/valencia.eleusal.com\/convocatorias-examenes-oficiales\/\" \/>\n<meta property=\"og:site_name\" content=\"ELE USAL Valencia\" \/>\n<meta property=\"article:publisher\" content=\"https:\/\/www.facebook.com\/StrasbourgELEUSAL\" \/>\n<meta property=\"article:modified_time\" content=\"2023-12-05T19:16:34+00:00\" \/>\n<meta property=\"og:image\" content=\"https:\/\/valencia.eleusal.com\/wp-content\/uploads\/sites\/35\/2023\/12\/Captura-de-pantalla-2023-12-05-a-las-20.11.06.png\" \/>\n\t<meta property=\"og:image:width\" content=\"1974\" \/>\n\t<meta property=\"og:image:height\" content=\"450\" \/>\n\t<meta property=\"og:image:type\" content=\"image\/png\" \/>\n<meta name=\"twitter:card\" content=\"summary_large_image\" \/>\n<meta name=\"twitter:site\" content=\"@StrasbourgEle\" \/>\n<meta name=\"twitter:label1\" content=\"Dur\u00e9e de lecture estim\u00e9e\" \/>\n\t<meta name=\"twitter:data1\" content=\"2 minutes\" \/>\n<script type=\"application\/ld+json\" class=\"yoast-schema-graph\">{\"@context\":\"https:\/\/schema.org\",\"@graph\":[{\"@type\":\"WebPage\",\"@id\":\"https:\/\/valencia.eleusal.com\/convocatorias-examenes-oficiales\/\",\"url\":\"https:\/\/valencia.eleusal.com\/convocatorias-examenes-oficiales\/\",\"name\":\"Examens officiels - ELE USAL Valencia\",\"isPartOf\":{\"@id\":\"https:\/\/valencia.eleusal.com\/#website\"},\"primaryImageOfPage\":{\"@id\":\"https:\/\/valencia.eleusal.com\/convocatorias-examenes-oficiales\/#primaryimage\"},\"image\":{\"@id\":\"https:\/\/valencia.eleusal.com\/convocatorias-examenes-oficiales\/#primaryimage\"},\"thumbnailUrl\":\"http:\/\/valencia.elemultisite.eleusal.com\/wp-content\/uploads\/sites\/35\/2023\/12\/Captura-de-pantalla-2023-12-05-a-las-20.11.06.png\",\"datePublished\":\"2023-01-26T08:26:40+00:00\",\"dateModified\":\"2023-12-05T19:16:34+00:00\",\"description\":\"Convocations aux examens officiels 2023 pour passer le DELE et le CCSE, tant la date des examens que les d\u00e9lais d'inscription.\",\"breadcrumb\":{\"@id\":\"https:\/\/valencia.eleusal.com\/convocatorias-examenes-oficiales\/#breadcrumb\"},\"inLanguage\":\"fr-FR\",\"potentialAction\":[{\"@type\":\"ReadAction\",\"target\":[\"https:\/\/valencia.eleusal.com\/convocatorias-examenes-oficiales\/\"]}]},{\"@type\":\"ImageObject\",\"inLanguage\":\"fr-FR\",\"@id\":\"https:\/\/valencia.eleusal.com\/convocatorias-examenes-oficiales\/#primaryimage\",\"url\":\"http:\/\/valencia.elemultisite.eleusal.com\/wp-content\/uploads\/sites\/35\/2023\/12\/Captura-de-pantalla-2023-12-05-a-las-20.11.06.png\",\"contentUrl\":\"http:\/\/valencia.elemultisite.eleusal.com\/wp-content\/uploads\/sites\/35\/2023\/12\/Captura-de-pantalla-2023-12-05-a-las-20.11.06.png\"},{\"@type\":\"BreadcrumbList\",\"@id\":\"https:\/\/valencia.eleusal.com\/convocatorias-examenes-oficiales\/#breadcrumb\",\"itemListElement\":[{\"@type\":\"ListItem\",\"position\":1,\"name\":\"Home\",\"item\":\"https:\/\/valencia.eleusal.com\/fr\/\"},{\"@type\":\"ListItem\",\"position\":2,\"name\":\"Examens officiels\"}]},{\"@type\":\"WebSite\",\"@id\":\"https:\/\/valencia.eleusal.com\/#website\",\"url\":\"https:\/\/valencia.eleusal.com\/\",\"name\":\"ELE USAL Valencia\",\"description\":\"Institut de Langue Espagnole, apprentissage espagnol, Strasbourg\",\"publisher\":{\"@id\":\"https:\/\/valencia.eleusal.com\/#organization\"},\"potentialAction\":[{\"@type\":\"SearchAction\",\"target\":{\"@type\":\"EntryPoint\",\"urlTemplate\":\"https:\/\/valencia.eleusal.com\/?s={search_term_string}\"},\"query-input\":{\"@type\":\"PropertyValueSpecification\",\"valueRequired\":true,\"valueName\":\"search_term_string\"}}],\"inLanguage\":\"fr-FR\"},{\"@type\":\"Organization\",\"@id\":\"https:\/\/valencia.eleusal.com\/#organization\",\"name\":\"ELE USAL Strasbourg\",\"url\":\"https:\/\/valencia.eleusal.com\/\",\"logo\":{\"@type\":\"ImageObject\",\"inLanguage\":\"fr-FR\",\"@id\":\"https:\/\/valencia.eleusal.com\/#\/schema\/logo\/image\/\",\"url\":\"https:\/\/valencia.eleusal.com\/wp-content\/uploads\/sites\/35\/2020\/09\/ELE-USAL-Bilbao.png\",\"contentUrl\":\"https:\/\/valencia.eleusal.com\/wp-content\/uploads\/sites\/35\/2020\/09\/ELE-USAL-Bilbao.png\",\"width\":695,\"height\":45,\"caption\":\"ELE USAL Strasbourg\"},\"image\":{\"@id\":\"https:\/\/valencia.eleusal.com\/#\/schema\/logo\/image\/\"},\"sameAs\":[\"https:\/\/www.facebook.com\/StrasbourgELEUSAL\",\"https:\/\/x.com\/StrasbourgEle\",\"https:\/\/www.instagram.com\/eleusal_strasbourg\/\",\"https:\/\/www.linkedin.com\/company\/strasbourg-ele-usal\/\"]}]}<\/script>\n<!-- \/ Yoast SEO plugin. -->","yoast_head_json":{"title":"Examens officiels - ELE USAL Valencia","description":"Convocations aux examens officiels 2023 pour passer le DELE et le CCSE, tant la date des examens que les d\u00e9lais d'inscription.","robots":{"index":"index","follow":"follow","max-snippet":"max-snippet:-1","max-image-preview":"max-image-preview:large","max-video-preview":"max-video-preview:-1"},"canonical":"https:\/\/valencia.eleusal.com\/fr\/convocatorias-examenes-oficiales\/","og_locale":"fr_FR","og_type":"article","og_title":"Examens officiels - ELE USAL Valencia","og_description":"Convocations aux examens officiels 2023 pour passer le DELE et le CCSE, tant la date des examens que les d\u00e9lais d'inscription.","og_url":"https:\/\/valencia.eleusal.com\/convocatorias-examenes-oficiales\/","og_site_name":"ELE USAL Valencia","article_publisher":"https:\/\/www.facebook.com\/StrasbourgELEUSAL","article_modified_time":"2023-12-05T19:16:34+00:00","og_image":[{"width":1974,"height":450,"url":"https:\/\/valencia.eleusal.com\/wp-content\/uploads\/sites\/35\/2023\/12\/Captura-de-pantalla-2023-12-05-a-las-20.11.06.png","type":"image\/png"}],"twitter_card":"summary_large_image","twitter_site":"@StrasbourgEle","twitter_misc":{"Dur\u00e9e de lecture estim\u00e9e":"2 minutes"},"schema":{"@context":"https:\/\/schema.org","@graph":[{"@type":"WebPage","@id":"https:\/\/valencia.eleusal.com\/convocatorias-examenes-oficiales\/","url":"https:\/\/valencia.eleusal.com\/convocatorias-examenes-oficiales\/","name":"Examens officiels - ELE USAL Valencia","isPartOf":{"@id":"https:\/\/valencia.eleusal.com\/#website"},"primaryImageOfPage":{"@id":"https:\/\/valencia.eleusal.com\/convocatorias-examenes-oficiales\/#primaryimage"},"image":{"@id":"https:\/\/valencia.eleusal.com\/convocatorias-examenes-oficiales\/#primaryimage"},"thumbnailUrl":"http:\/\/valencia.elemultisite.eleusal.com\/wp-content\/uploads\/sites\/35\/2023\/12\/Captura-de-pantalla-2023-12-05-a-las-20.11.06.png","datePublished":"2023-01-26T08:26:40+00:00","dateModified":"2023-12-05T19:16:34+00:00","description":"Convocations aux examens officiels 2023 pour passer le DELE et le CCSE, tant la date des examens que les d\u00e9lais d'inscription.","breadcrumb":{"@id":"https:\/\/valencia.eleusal.com\/convocatorias-examenes-oficiales\/#breadcrumb"},"inLanguage":"fr-FR","potentialAction":[{"@type":"ReadAction","target":["https:\/\/valencia.eleusal.com\/convocatorias-examenes-oficiales\/"]}]},{"@type":"ImageObject","inLanguage":"fr-FR","@id":"https:\/\/valencia.eleusal.com\/convocatorias-examenes-oficiales\/#primaryimage","url":"http:\/\/valencia.elemultisite.eleusal.com\/wp-content\/uploads\/sites\/35\/2023\/12\/Captura-de-pantalla-2023-12-05-a-las-20.11.06.png","contentUrl":"http:\/\/valencia.elemultisite.eleusal.com\/wp-content\/uploads\/sites\/35\/2023\/12\/Captura-de-pantalla-2023-12-05-a-las-20.11.06.png"},{"@type":"BreadcrumbList","@id":"https:\/\/valencia.eleusal.com\/convocatorias-examenes-oficiales\/#breadcrumb","itemListElement":[{"@type":"ListItem","position":1,"name":"Home","item":"https:\/\/valencia.eleusal.com\/fr\/"},{"@type":"ListItem","position":2,"name":"Examens officiels"}]},{"@type":"WebSite","@id":"https:\/\/valencia.eleusal.com\/#website","url":"https:\/\/valencia.eleusal.com\/","name":"ELE USAL Valencia","description":"Institut de Langue Espagnole, apprentissage espagnol, Strasbourg","publisher":{"@id":"https:\/\/valencia.eleusal.com\/#organization"},"potentialAction":[{"@type":"SearchAction","target":{"@type":"EntryPoint","urlTemplate":"https:\/\/valencia.eleusal.com\/?s={search_term_string}"},"query-input":{"@type":"PropertyValueSpecification","valueRequired":true,"valueName":"search_term_string"}}],"inLanguage":"fr-FR"},{"@type":"Organization","@id":"https:\/\/valencia.eleusal.com\/#organization","name":"ELE USAL Strasbourg","url":"https:\/\/valencia.eleusal.com\/","logo":{"@type":"ImageObject","inLanguage":"fr-FR","@id":"https:\/\/valencia.eleusal.com\/#\/schema\/logo\/image\/","url":"https:\/\/valencia.eleusal.com\/wp-content\/uploads\/sites\/35\/2020\/09\/ELE-USAL-Bilbao.png","contentUrl":"https:\/\/valencia.eleusal.com\/wp-content\/uploads\/sites\/35\/2020\/09\/ELE-USAL-Bilbao.png","width":695,"height":45,"caption":"ELE USAL Strasbourg"},"image":{"@id":"https:\/\/valencia.eleusal.com\/#\/schema\/logo\/image\/"},"sameAs":["https:\/\/www.facebook.com\/StrasbourgELEUSAL","https:\/\/x.com\/StrasbourgEle","https:\/\/www.instagram.com\/eleusal_strasbourg\/","https:\/\/www.linkedin.com\/company\/strasbourg-ele-usal\/"]}]}},"_links":{"self":[{"href":"https:\/\/valencia.eleusal.com\/fr\/wp-json\/wp\/v2\/pages\/5403","targetHints":{"allow":["GET"]}}],"collection":[{"href":"https:\/\/valencia.eleusal.com\/fr\/wp-json\/wp\/v2\/pages"}],"about":[{"href":"https:\/\/valencia.eleusal.com\/fr\/wp-json\/wp\/v2\/types\/page"}],"author":[{"embeddable":true,"href":"https:\/\/valencia.eleusal.com\/fr\/wp-json\/wp\/v2\/users\/3"}],"replies":[{"embeddable":true,"href":"https:\/\/valencia.eleusal.com\/fr\/wp-json\/wp\/v2\/comments?post=5403"}],"version-history":[{"count":15,"href":"https:\/\/valencia.eleusal.com\/fr\/wp-json\/wp\/v2\/pages\/5403\/revisions"}],"predecessor-version":[{"id":8602,"href":"https:\/\/valencia.eleusal.com\/fr\/wp-json\/wp\/v2\/pages\/5403\/revisions\/8602"}],"wp:attachment":[{"href":"https:\/\/valencia.eleusal.com\/fr\/wp-json\/wp\/v2\/media?parent=5403"}],"curies":[{"name":"wp","href":"https:\/\/api.w.org\/{rel}","templated":true}]}}