{"id":8677,"date":"2023-12-11T22:42:49","date_gmt":"2023-12-11T21:42:49","guid":{"rendered":"http:\/\/valencia.elemultisite.eleusal.com\/lecole-copy\/"},"modified":"2023-12-21T13:42:33","modified_gmt":"2023-12-21T12:42:33","slug":"orientation-positionnement","status":"publish","type":"page","link":"https:\/\/valencia.eleusal.com\/fr\/orientation-positionnement\/","title":{"rendered":"Orientation et positionnement"},"content":{"rendered":"<p>[vc_row css_animation=\u00a0\u00bb\u00a0\u00bb row_type=\u00a0\u00bbrow\u00a0\u00bb use_row_as_full_screen_section=\u00a0\u00bbno\u00a0\u00bb type=\u00a0\u00bbgrid\u00a0\u00bb angled_section=\u00a0\u00bbno\u00a0\u00bb text_align=\u00a0\u00bbleft\u00a0\u00bb background_image_as_pattern=\u00a0\u00bbwithout_pattern\u00a0\u00bb z_index=\u00a0\u00bb\u00a0\u00bb][vc_column width=\u00a0\u00bb2\/3&Prime;][vc_empty_space][vc_empty_space][vc_single_image image=\u00a0\u00bb4400&Prime; img_size=\u00a0\u00bblarge\u00a0\u00bb alignment=\u00a0\u00bbcenter\u00a0\u00bb qode_css_animation=\u00a0\u00bb\u00a0\u00bb][vc_empty_space][vc_empty_space][vc_column_text]<\/p>\n<h3 class=\"presentacion_portada_solo_texto_h1\">\u00c9valuation des comp\u00e9tences et des attentes. Positionnement<\/h3>\n<p>&nbsp;<\/p>\n<p>&nbsp;<\/p>\n<p style=\"text-align: justify\">ELE USAL Strasbourg proc\u00e8de \u00e0 une \u00e9valuation personnalis\u00e9e du niveau des \u00e9tudiants afin de leur permettre de suivre le cours le plus appropri\u00e9 \u00e0 leurs besoins.<\/p>\n<p>&nbsp;<\/p>\n<p style=\"text-align: justify\">Si vous avez d\u00e9j\u00e0 \u00e9tudi\u00e9 l&rsquo;espagnol, mais pas \u00e0 ELE USAL Strasbourg, nous devons \u00e9valuer vos comp\u00e9tences et vos besoins. Sont exempt\u00e9s les d\u00e9butants complets, les \u00e9tudiants d\u00e9j\u00e0 inscrits \u00e0 l&rsquo;\u00e9cole au cours de l&rsquo;ann\u00e9e \u00e9coul\u00e9e et ceux qui ont d\u00e9j\u00e0 pass\u00e9 test le positionnement moins de 6 mois auparavant.<\/p>\n<p>&nbsp;<\/p>\n<p>Le test de niveau se compose de deux parties : l&rsquo;une \u00e9crite et l&rsquo;autre orale.<\/p>\n<p>&nbsp;<\/p>\n<p>Vous devez d&rsquo;abord remplir la partie \u00e9crite, puis vous choisissez la date et l&rsquo;heure de la partie orale, qui peut se faire par t\u00e9l\u00e9phone ou sur place dans nos locaux.<\/p>\n<p>&nbsp;<\/p>\n<p>&#8211; Pour la partie \u00e9crite, cliquez <a id=\"l_target\" title=\"Acc\u00e8s au test (nouvelle fen\u00eatre)\" href=\"https:\/\/docs.google.com\/forms\/d\/e\/1FAIpQLSdTh3mUKcLhswKXtPP-XBdiQEevUY6qvZN7r7IGeQnrgdBmjg\/viewform?usp=sf_link\" target=\"_blank\" rel=\"noopener noreferrer\"><strong>ICI<\/strong><\/a><\/p>\n<p>&nbsp;<\/p>\n<p style=\"text-align: justify\">&#8211; Pour la partie orale (par t\u00e9l\u00e9phone ou sur place) vous devez prendre rendez-vous en \u00e9crivant \u00e0 <strong>notre adresse \u00e9lectronique<\/strong> <a href=\"mailto:in**@st****************.com\" data-original-string=\"bl5SGw\/O\/GulZkk9CSUpYQ==7bdDpSyxd9g0BgkobmSchX00mTZMTtZ2KbHENdEs1w9SIA=\" title=\"This contact has been encoded by Anti-Spam by CleanTalk. Click to decode. To finish the decoding make sure that JavaScript is enabled in your browser.\" target=\"_blank\" rel=\"noopener noreferrer\"><strong><span \n                data-original-string=\"gkzEdUw+4NWOm1pG5EUiFQ==7bd0di5iWtukRZvv41r0FvNW37o7+MydCq6ZaKp4zjfS3w=\"\n                class=\"apbct-email-encoder\"\n                title=\"This contact has been encoded by Anti-Spam by CleanTalk. Click to decode. To finish the decoding make sure that JavaScript is enabled in your browser.\">in<span class=\"apbct-blur\">**@st****************.c<\/span>om<\/span><\/strong><\/a><\/p>\n<p>&nbsp;<\/p>\n<p><strong>Lieu<\/strong> : 9 Rue Saint-Alo\u00efse (2\u00e8me \u00e9tage), 67100. Strasbourg<\/p>\n<p>&nbsp;<\/p>\n<p style=\"text-align: justify\">Les niveaux des cours d&rsquo;espagnol de ELE USAL Strasbourg sont en accord avec le <a title=\"PDF (Nouvelle fen\u00eatre)\" href=\"https:\/\/www.coe.int\/fr\/web\/common-european-framework-reference-languages\" target=\"_blank\" rel=\"noopener noreferrer\">Cadre Europ\u00e9en Commun de r\u00e9f\u00e9rence pour les langues<\/a>.<\/p>\n<p>&nbsp;<\/p>\n<p style=\"text-align: justify\"><strong>IMPORTANT:<\/strong> ELE USAL Strasbourg ne d\u00e9livre aucun certificat ou document apr\u00e8s le passage d&rsquo;un test. Le test n\u2019a aucune valeur de certification et ne peut en aucun cas valider un niveau de comp\u00e9tence linguistique. Le r\u00e9sultat reste exclusivement interne et permet d&rsquo;int\u00e9grer l&rsquo;\u00e9tudiant dans le cours le plus appropri\u00e9 \u00e0 son niveau. Si l\u2019\u00e9tudiant souhaite certifier son niveau d&rsquo;espagnol, il doit se pr\u00e9senter au <a href=\"http:\/\/valencia.elemultisite.eleusal.com\/fr\/appels-aux-examens-officiels\/\" target=\"_blank\" rel=\"noopener noreferrer\">DELE et SIELE<\/a>, les deux syst\u00e8mes de certification que propose ELE USAL Strasbourg.<\/p>\n<p>[\/vc_column_text][vc_empty_space][vc_empty_space][vc_empty_space][\/vc_column][vc_column width=\u00a0\u00bb1\/3&Prime;][vc_empty_space][vc_gmaps link=\u00a0\u00bb#E-8_JTNDaWZyYW1lJTIwc3JjJTNEJTIyaHR0cHMlM0ElMkYlMkZ3d3cuZ29vZ2xlLmNvbSUyRm1hcHMlMkZlbWJlZCUzRnBiJTNEJTIxMW0xOCUyMTFtMTIlMjExbTMlMjExZDI2MzkuNDc5MzcwOTMzOTA4MyUyMTJkNy43NDM5NTAxMTU2NjQ2MDIlMjEzZDQ4LjU4MTUxOTU3OTI2MTMlMjEybTMlMjExZjAlMjEyZjAlMjEzZjAlMjEzbTIlMjExaTEwMjQlMjEyaTc2OCUyMTRmMTMuMSUyMTNtMyUyMTFtMiUyMTFzMHg0Nzk2YzkzOThkZDM4NGE1JTI1M0EweDg5OWFlNGQyODA3OTVhNiUyMTJzRUxFJTI1MjBVU0FMJTI1MjBTdHJhc2JvdXJnJTIxNWUwJTIxM20yJTIxMXNlcyUyMTJzZnIlMjE0djE2MjAxMjA3OTk4ODUlMjE1bTIlMjExc2VzJTIxMnNmciUyMiUyMHdpZHRoJTNEJTIyNjAwJTIyJTIwaGVpZ2h0JTNEJTIyNDUwJTIyJTIwc3R5bGUlM0QlMjJib3JkZXIlM0EwJTNCJTIyJTIwYWxsb3dmdWxsc2NyZWVuJTNEJTIyJTIyJTIwbG9hZGluZyUzRCUyMmxhenklMjIlM0UlM0MlMkZpZnJhbWUlM0U=\u00a0\u00bb size=\u00a0\u00bb\u00a0\u00bb][vc_empty_space]\n<div class=\"wpcf7 no-js\" id=\"wpcf7-f1787-o1\" lang=\"es-ES\" dir=\"ltr\" data-wpcf7-id=\"1787\">\n<div class=\"screen-reader-response\"><p role=\"status\" aria-live=\"polite\" aria-atomic=\"true\"><\/p> <ul><\/ul><\/div>\n<form action=\"\/fr\/wp-json\/wp\/v2\/pages\/8677#wpcf7-f1787-o1\" method=\"post\" class=\"wpcf7-form init default wpcf7-acceptance-as-validation\" aria-label=\"Formulario de contacto\" novalidate=\"novalidate\" data-status=\"init\">\n<div style=\"display: none;\">\n<input type=\"hidden\" name=\"_wpcf7\" value=\"1787\" \/>\n<input type=\"hidden\" name=\"_wpcf7_version\" value=\"6.0.1\" \/>\n<input type=\"hidden\" name=\"_wpcf7_locale\" value=\"es_ES\" \/>\n<input type=\"hidden\" name=\"_wpcf7_unit_tag\" value=\"wpcf7-f1787-o1\" \/>\n<input type=\"hidden\" name=\"_wpcf7_container_post\" value=\"0\" \/>\n<input type=\"hidden\" name=\"_wpcf7_posted_data_hash\" value=\"\" \/>\n<\/div>\n<p><label> Nom (obligatoire)<br \/>\n<span class=\"wpcf7-form-control-wrap\" data-name=\"your-name\"><input size=\"40\" maxlength=\"400\" class=\"wpcf7-form-control wpcf7-text wpcf7-validates-as-required\" aria-required=\"true\" aria-invalid=\"false\" value=\"\" type=\"text\" name=\"your-name\" \/><\/span> <\/label>\n<\/p>\n<p><label> Mail (obligatoire)<br \/>\n<span class=\"wpcf7-form-control-wrap\" data-name=\"your-email\"><input size=\"40\" maxlength=\"400\" class=\"wpcf7-form-control wpcf7-email wpcf7-validates-as-required wpcf7-text wpcf7-validates-as-email\" aria-required=\"true\" aria-invalid=\"false\" value=\"\" type=\"email\" name=\"your-email\" \/><\/span> <\/label>\n<\/p>\n<p><label> Sujet<br \/>\n<span class=\"wpcf7-form-control-wrap\" data-name=\"your-subject\"><input size=\"40\" maxlength=\"400\" class=\"wpcf7-form-control wpcf7-text\" aria-invalid=\"false\" value=\"\" type=\"text\" name=\"your-subject\" \/><\/span> <\/label>\n<\/p>\n<p><label> Message<br \/>\n<span class=\"wpcf7-form-control-wrap\" data-name=\"your-message\"><textarea cols=\"40\" rows=\"10\" maxlength=\"2000\" class=\"wpcf7-form-control wpcf7-textarea\" aria-invalid=\"false\" name=\"your-message\"><\/textarea><\/span> <\/label><br \/>\n<span class=\"wpcf7-form-control-wrap\" data-name=\"Confidentialit\"><span class=\"wpcf7-form-control wpcf7-acceptance\"><span class=\"wpcf7-list-item\"><label><input type=\"checkbox\" name=\"Confidentialit\" value=\"1\" aria-invalid=\"false\" \/><span class=\"wpcf7-list-item-label\">J'ai lu et j'accepte les <a rel=\"nofollow\" href=\"http:\/\/valencia.elemultisite.eleusal.com\/fr\/confidentialite\/\">Politique de confidentialit\u00e9<\/a>.<\/span><\/label><\/span><\/span><\/span>\n<\/p>\n<p><input class=\"wpcf7-form-control wpcf7-submit has-spinner\" type=\"submit\" value=\"Envoyer\" \/>\n<\/p><input type=\"hidden\" id=\"ct_checkjs_cf7_be83ab3ecd0db773eb2dc1b0a17836a1\" name=\"ct_checkjs_cf7\" value=\"0\" \/><script >setTimeout(function(){var ct_input_name = \"ct_checkjs_cf7_be83ab3ecd0db773eb2dc1b0a17836a1\";if (document.getElementById(ct_input_name) !== null) {var ct_input_value = document.getElementById(ct_input_name).value;document.getElementById(ct_input_name).value = document.getElementById(ct_input_name).value.replace(ct_input_value, '4abcd756c14f4c0ba9f77d33cc69886d27eb58d5673256fa5cd433e50dedd87e');}}, 1000);<\/script><label class=\"apbct_special_field\" id=\"apbct_label_id45865\" for=\"apbct__email_id__wp_contact_form_7_45865\">45865<\/label><input\n            id=\"apbct__email_id__wp_contact_form_7_45865\"\n            class=\"apbct_special_field apbct__email_id__wp_contact_form_7\"\n            name=\"apbct__email_id__wp_contact_form_7_45865\"\n            type=\"text\" size=\"30\" maxlength=\"200\" autocomplete=\"off\"\n            value=\"45865\" apbct_event_id=\"45865\"\n            \/><input id=\"apbct_event_id_wp_contact_form_7_45865\"\n                class=\"apbct_special_field\" name=\"apbct_event_id\" type=\"hidden\" value=\"45865\" \/><div class=\"wpcf7-response-output\" aria-hidden=\"true\"><\/div>\n<\/form>\n<\/div>\n[vc_empty_space][\/vc_column][\/vc_row][vc_row css_animation=\u00a0\u00bb\u00a0\u00bb row_type=\u00a0\u00bbrow\u00a0\u00bb use_row_as_full_screen_section=\u00a0\u00bbno\u00a0\u00bb type=\u00a0\u00bbfull_width\u00a0\u00bb angled_section=\u00a0\u00bbno\u00a0\u00bb text_align=\u00a0\u00bbleft\u00a0\u00bb background_image_as_pattern=\u00a0\u00bbwithout_pattern\u00a0\u00bb][vc_column][vc_empty_space][\/vc_column][\/vc_row]<\/p>\n","protected":false},"excerpt":{"rendered":"<p>[vc_row css_animation=\u00a0\u00bb\u00a0\u00bb row_type=\u00a0\u00bbrow\u00a0\u00bb use_row_as_full_screen_section=\u00a0\u00bbno\u00a0\u00bb type=\u00a0\u00bbgrid\u00a0\u00bb angled_section=\u00a0\u00bbno\u00a0\u00bb text_align=\u00a0\u00bbleft\u00a0\u00bb background_image_as_pattern=\u00a0\u00bbwithout_pattern\u00a0\u00bb z_index=\u00a0\u00bb\u00a0\u00bb][vc_column width=\u00a0\u00bb2\/3&Prime;][vc_empty_space][vc_empty_space][vc_single_image image=\u00a0\u00bb4400&Prime; img_size=\u00a0\u00bblarge\u00a0\u00bb alignment=\u00a0\u00bbcenter\u00a0\u00bb qode_css_animation=\u00a0\u00bb\u00a0\u00bb][vc_empty_space][vc_empty_space][vc_column_text] \u00c9valuation des comp\u00e9tences et des attentes. Positionnement &nbsp; &nbsp; ELE USAL Strasbourg proc\u00e8de \u00e0 une \u00e9valuation personnalis\u00e9e du niveau des \u00e9tudiants afin de leur permettre de suivre le cours le plus&#8230;<\/p>\n","protected":false},"author":19,"featured_media":0,"parent":0,"menu_order":0,"comment_status":"closed","ping_status":"closed","template":"full_width.php","meta":{"footnotes":""},"class_list":["post-8677","page","type-page","status-publish","hentry"],"yoast_head":"<!-- This site is optimized with the Yoast SEO plugin v24.2 - https:\/\/yoast.com\/wordpress\/plugins\/seo\/ -->\n<title>Orientation et positionnement - ELE USAL Valencia<\/title>\n<meta name=\"description\" content=\"L&#039;Ecole ELE USAL de Strasbourg porte la marque de l&#039;Universit\u00e9 de Salamanque dans l&#039;enseignement de l&#039;espagnol et s&#039;appuie sur l&#039;exp\u00e9rience et la qualit\u00e9.\" \/>\n<meta name=\"robots\" content=\"index, follow, max-snippet:-1, max-image-preview:large, max-video-preview:-1\" \/>\n<link rel=\"canonical\" href=\"https:\/\/valencia.eleusal.com\/fr\/orientation-positionnement\/\" \/>\n<meta property=\"og:locale\" content=\"fr_FR\" \/>\n<meta property=\"og:type\" content=\"article\" \/>\n<meta property=\"og:title\" content=\"Orientation et positionnement - ELE USAL Valencia\" \/>\n<meta property=\"og:description\" content=\"L&#039;Ecole ELE USAL de Strasbourg porte la marque de l&#039;Universit\u00e9 de Salamanque dans l&#039;enseignement de l&#039;espagnol et s&#039;appuie sur l&#039;exp\u00e9rience et la qualit\u00e9.\" \/>\n<meta property=\"og:url\" content=\"https:\/\/valencia.eleusal.com\/fr\/orientation-positionnement\/\" \/>\n<meta property=\"og:site_name\" content=\"ELE USAL Valencia\" \/>\n<meta property=\"article:publisher\" content=\"https:\/\/www.facebook.com\/StrasbourgELEUSAL\" \/>\n<meta property=\"article:modified_time\" content=\"2023-12-21T12:42:33+00:00\" \/>\n<meta name=\"twitter:card\" content=\"summary_large_image\" \/>\n<meta name=\"twitter:site\" content=\"@StrasbourgEle\" \/>\n<meta name=\"twitter:label1\" content=\"Dur\u00e9e de lecture estim\u00e9e\" \/>\n\t<meta name=\"twitter:data1\" content=\"2 minutes\" \/>\n<script type=\"application\/ld+json\" class=\"yoast-schema-graph\">{\"@context\":\"https:\/\/schema.org\",\"@graph\":[{\"@type\":\"WebPage\",\"@id\":\"https:\/\/valencia.eleusal.com\/fr\/orientation-positionnement\/\",\"url\":\"https:\/\/valencia.eleusal.com\/fr\/orientation-positionnement\/\",\"name\":\"Orientation et positionnement - ELE USAL Valencia\",\"isPartOf\":{\"@id\":\"https:\/\/valencia.eleusal.com\/#website\"},\"datePublished\":\"2023-12-11T21:42:49+00:00\",\"dateModified\":\"2023-12-21T12:42:33+00:00\",\"description\":\"L'Ecole ELE USAL de Strasbourg porte la marque de l'Universit\u00e9 de Salamanque dans l'enseignement de l'espagnol et s'appuie sur l'exp\u00e9rience et la qualit\u00e9.\",\"breadcrumb\":{\"@id\":\"https:\/\/valencia.eleusal.com\/fr\/orientation-positionnement\/#breadcrumb\"},\"inLanguage\":\"fr-FR\",\"potentialAction\":[{\"@type\":\"ReadAction\",\"target\":[\"https:\/\/valencia.eleusal.com\/fr\/orientation-positionnement\/\"]}]},{\"@type\":\"BreadcrumbList\",\"@id\":\"https:\/\/valencia.eleusal.com\/fr\/orientation-positionnement\/#breadcrumb\",\"itemListElement\":[{\"@type\":\"ListItem\",\"position\":1,\"name\":\"Home\",\"item\":\"https:\/\/valencia.eleusal.com\/fr\/\"},{\"@type\":\"ListItem\",\"position\":2,\"name\":\"Orientation et positionnement\"}]},{\"@type\":\"WebSite\",\"@id\":\"https:\/\/valencia.eleusal.com\/#website\",\"url\":\"https:\/\/valencia.eleusal.com\/\",\"name\":\"ELE USAL Valencia\",\"description\":\"Institut de Langue Espagnole, apprentissage espagnol, Strasbourg\",\"publisher\":{\"@id\":\"https:\/\/valencia.eleusal.com\/#organization\"},\"potentialAction\":[{\"@type\":\"SearchAction\",\"target\":{\"@type\":\"EntryPoint\",\"urlTemplate\":\"https:\/\/valencia.eleusal.com\/?s={search_term_string}\"},\"query-input\":{\"@type\":\"PropertyValueSpecification\",\"valueRequired\":true,\"valueName\":\"search_term_string\"}}],\"inLanguage\":\"fr-FR\"},{\"@type\":\"Organization\",\"@id\":\"https:\/\/valencia.eleusal.com\/#organization\",\"name\":\"ELE USAL Strasbourg\",\"url\":\"https:\/\/valencia.eleusal.com\/\",\"logo\":{\"@type\":\"ImageObject\",\"inLanguage\":\"fr-FR\",\"@id\":\"https:\/\/valencia.eleusal.com\/#\/schema\/logo\/image\/\",\"url\":\"https:\/\/valencia.eleusal.com\/wp-content\/uploads\/sites\/35\/2020\/09\/ELE-USAL-Bilbao.png\",\"contentUrl\":\"https:\/\/valencia.eleusal.com\/wp-content\/uploads\/sites\/35\/2020\/09\/ELE-USAL-Bilbao.png\",\"width\":695,\"height\":45,\"caption\":\"ELE USAL Strasbourg\"},\"image\":{\"@id\":\"https:\/\/valencia.eleusal.com\/#\/schema\/logo\/image\/\"},\"sameAs\":[\"https:\/\/www.facebook.com\/StrasbourgELEUSAL\",\"https:\/\/x.com\/StrasbourgEle\",\"https:\/\/www.instagram.com\/eleusal_strasbourg\/\",\"https:\/\/www.linkedin.com\/company\/strasbourg-ele-usal\/\"]}]}<\/script>\n<!-- \/ Yoast SEO plugin. -->","yoast_head_json":{"title":"Orientation et positionnement - ELE USAL Valencia","description":"L'Ecole ELE USAL de Strasbourg porte la marque de l'Universit\u00e9 de Salamanque dans l'enseignement de l'espagnol et s'appuie sur l'exp\u00e9rience et la qualit\u00e9.","robots":{"index":"index","follow":"follow","max-snippet":"max-snippet:-1","max-image-preview":"max-image-preview:large","max-video-preview":"max-video-preview:-1"},"canonical":"https:\/\/valencia.eleusal.com\/fr\/orientation-positionnement\/","og_locale":"fr_FR","og_type":"article","og_title":"Orientation et positionnement - ELE USAL Valencia","og_description":"L'Ecole ELE USAL de Strasbourg porte la marque de l'Universit\u00e9 de Salamanque dans l'enseignement de l'espagnol et s'appuie sur l'exp\u00e9rience et la qualit\u00e9.","og_url":"https:\/\/valencia.eleusal.com\/fr\/orientation-positionnement\/","og_site_name":"ELE USAL Valencia","article_publisher":"https:\/\/www.facebook.com\/StrasbourgELEUSAL","article_modified_time":"2023-12-21T12:42:33+00:00","twitter_card":"summary_large_image","twitter_site":"@StrasbourgEle","twitter_misc":{"Dur\u00e9e de lecture estim\u00e9e":"2 minutes"},"schema":{"@context":"https:\/\/schema.org","@graph":[{"@type":"WebPage","@id":"https:\/\/valencia.eleusal.com\/fr\/orientation-positionnement\/","url":"https:\/\/valencia.eleusal.com\/fr\/orientation-positionnement\/","name":"Orientation et positionnement - ELE USAL Valencia","isPartOf":{"@id":"https:\/\/valencia.eleusal.com\/#website"},"datePublished":"2023-12-11T21:42:49+00:00","dateModified":"2023-12-21T12:42:33+00:00","description":"L'Ecole ELE USAL de Strasbourg porte la marque de l'Universit\u00e9 de Salamanque dans l'enseignement de l'espagnol et s'appuie sur l'exp\u00e9rience et la qualit\u00e9.","breadcrumb":{"@id":"https:\/\/valencia.eleusal.com\/fr\/orientation-positionnement\/#breadcrumb"},"inLanguage":"fr-FR","potentialAction":[{"@type":"ReadAction","target":["https:\/\/valencia.eleusal.com\/fr\/orientation-positionnement\/"]}]},{"@type":"BreadcrumbList","@id":"https:\/\/valencia.eleusal.com\/fr\/orientation-positionnement\/#breadcrumb","itemListElement":[{"@type":"ListItem","position":1,"name":"Home","item":"https:\/\/valencia.eleusal.com\/fr\/"},{"@type":"ListItem","position":2,"name":"Orientation et positionnement"}]},{"@type":"WebSite","@id":"https:\/\/valencia.eleusal.com\/#website","url":"https:\/\/valencia.eleusal.com\/","name":"ELE USAL Valencia","description":"Institut de Langue Espagnole, apprentissage espagnol, Strasbourg","publisher":{"@id":"https:\/\/valencia.eleusal.com\/#organization"},"potentialAction":[{"@type":"SearchAction","target":{"@type":"EntryPoint","urlTemplate":"https:\/\/valencia.eleusal.com\/?s={search_term_string}"},"query-input":{"@type":"PropertyValueSpecification","valueRequired":true,"valueName":"search_term_string"}}],"inLanguage":"fr-FR"},{"@type":"Organization","@id":"https:\/\/valencia.eleusal.com\/#organization","name":"ELE USAL Strasbourg","url":"https:\/\/valencia.eleusal.com\/","logo":{"@type":"ImageObject","inLanguage":"fr-FR","@id":"https:\/\/valencia.eleusal.com\/#\/schema\/logo\/image\/","url":"https:\/\/valencia.eleusal.com\/wp-content\/uploads\/sites\/35\/2020\/09\/ELE-USAL-Bilbao.png","contentUrl":"https:\/\/valencia.eleusal.com\/wp-content\/uploads\/sites\/35\/2020\/09\/ELE-USAL-Bilbao.png","width":695,"height":45,"caption":"ELE USAL Strasbourg"},"image":{"@id":"https:\/\/valencia.eleusal.com\/#\/schema\/logo\/image\/"},"sameAs":["https:\/\/www.facebook.com\/StrasbourgELEUSAL","https:\/\/x.com\/StrasbourgEle","https:\/\/www.instagram.com\/eleusal_strasbourg\/","https:\/\/www.linkedin.com\/company\/strasbourg-ele-usal\/"]}]}},"_links":{"self":[{"href":"https:\/\/valencia.eleusal.com\/fr\/wp-json\/wp\/v2\/pages\/8677","targetHints":{"allow":["GET"]}}],"collection":[{"href":"https:\/\/valencia.eleusal.com\/fr\/wp-json\/wp\/v2\/pages"}],"about":[{"href":"https:\/\/valencia.eleusal.com\/fr\/wp-json\/wp\/v2\/types\/page"}],"author":[{"embeddable":true,"href":"https:\/\/valencia.eleusal.com\/fr\/wp-json\/wp\/v2\/users\/19"}],"replies":[{"embeddable":true,"href":"https:\/\/valencia.eleusal.com\/fr\/wp-json\/wp\/v2\/comments?post=8677"}],"version-history":[{"count":7,"href":"https:\/\/valencia.eleusal.com\/fr\/wp-json\/wp\/v2\/pages\/8677\/revisions"}],"predecessor-version":[{"id":8880,"href":"https:\/\/valencia.eleusal.com\/fr\/wp-json\/wp\/v2\/pages\/8677\/revisions\/8880"}],"wp:attachment":[{"href":"https:\/\/valencia.eleusal.com\/fr\/wp-json\/wp\/v2\/media?parent=8677"}],"curies":[{"name":"wp","href":"https:\/\/api.w.org\/{rel}","templated":true}]}}